{"id":691822,"date":"2024-10-14T15:41:40","date_gmt":"2024-10-14T13:41:40","guid":{"rendered":"https:\/\/streetmarkets.fr\/app\/produit\/pull-col-montant-tricolore-maille-perlee-h24-femme-iced-sand\/"},"modified":"2025-03-10T01:07:36","modified_gmt":"2025-03-10T00:07:36","slug":"pull-col-montant-tricolore-maille-perlee-h24-femme-iced-sand","status":"publish","type":"product","link":"https:\/\/streetmarkets.fr\/app\/produit\/pull-col-montant-tricolore-maille-perlee-h24-femme-iced-sand\/","title":{"rendered":"Pull Col Montant Tricolore Maille Perl\u00e9e (H24 \/ FEMME \/ Iced Sand)"},"content":{"rendered":"<p>Une maille douce et perl\u00e9e pour ce pull court, tricolore et confectionn\u00e9 en cachemire. Muni d&#8217;un col montant, il d\u00e9voile des lignes contrast\u00e9es le long des manches et des bords c\u00f4tel\u00e9s. \u00c9l\u00e9gant et audacieux, mixez-le \u00e0 un pantalon ample, un sac et des sneakers.<\/p>\n<p>&#8211; Pull court en cachemire certifi\u00e9 GCS\u00ae Femme<br \/>\n<br \/>&#8211; Maille perl\u00e9e<br \/>\n<br \/>&#8211; Tricolore \u00e0 bandes contrast\u00e9es<br \/>\n<br \/>&#8211; Col montant<br \/>\n<br \/>&#8211; Manches longues<br \/>\n<br \/>&#8211; Bords c\u00f4tel\u00e9s<br \/>\n<br \/>&#8211; Coupe regular<br \/>\n<br \/>&#8211; Le Good Cashmere Standard\u00ae (GCS) est une norme ind\u00e9pendante pour un cachemire plus durable et plus responsable. Il vise \u00e0 am\u00e9liorer le bien-\u00eatre des ch\u00e8vres cachemire, les conditions de travail des \u00e9leveurs ainsi qu&#8217;\u00e0 prot\u00e9ger l&#8217;environnement.<br \/>&#8211; <u>Cachemire 4 fils<\/u> <\/p>\n","protected":false},"excerpt":{"rendered":"<p>Une maille douce et perl\u00e9e pour ce pull court, tricolore et confectionn\u00e9 en cachemire. Muni d&#8217;un col montant, il d\u00e9voile des lignes contrast\u00e9es le long des manches et des bords c\u00f4tel\u00e9s. \u00c9l\u00e9gant et audacieux, mixez-le \u00e0 un pantalon ample, un sac et des sneakers. &#8211; Pull court en cachemire certifi\u00e9 GCS\u00ae Femme &#8211; Maille perl\u00e9e [&hellip;]<\/p>\n","protected":false},"featured_media":691823,"comment_status":"open","ping_status":"closed","template":"","meta":[],"product_brand":[6868],"product_cat":[1756,1762],"product_tag":[2244],"acf":[],"_links":{"self":[{"href":"https:\/\/streetmarkets.fr\/app\/wp-json\/wp\/v2\/product\/691822"}],"collection":[{"href":"https:\/\/streetmarkets.fr\/app\/wp-json\/wp\/v2\/product"}],"about":[{"href":"https:\/\/streetmarkets.fr\/app\/wp-json\/wp\/v2\/types\/product"}],"replies":[{"embeddable":true,"href":"https:\/\/streetmarkets.fr\/app\/wp-json\/wp\/v2\/comments?post=691822"}],"wp:featuredmedia":[{"embeddable":true,"href":"https:\/\/streetmarkets.fr\/app\/wp-json\/wp\/v2\/media\/691823"}],"wp:attachment":[{"href":"https:\/\/streetmarkets.fr\/app\/wp-json\/wp\/v2\/media?parent=691822"}],"wp:term":[{"taxonomy":"product_brand","embeddable":true,"href":"https:\/\/streetmarkets.fr\/app\/wp-json\/wp\/v2\/product_brand?post=691822"},{"taxonomy":"product_cat","embeddable":true,"href":"https:\/\/streetmarkets.fr\/app\/wp-json\/wp\/v2\/product_cat?post=691822"},{"taxonomy":"product_tag","embeddable":true,"href":"https:\/\/streetmarkets.fr\/app\/wp-json\/wp\/v2\/product_tag?post=691822"}],"curies":[{"name":"wp","href":"https:\/\/api.w.org\/{rel}","templated":true}]}}