{"id":691811,"date":"2024-10-14T15:41:40","date_gmt":"2024-10-14T13:41:40","guid":{"rendered":"https:\/\/streetmarkets.fr\/app\/produit\/t-shirt-col-rond-manches-courtes-future-h24-femme-sable\/"},"modified":"2025-03-16T00:57:09","modified_gmt":"2025-03-15T23:57:09","slug":"t-shirt-col-rond-manches-courtes-future-h24-femme-sable","status":"publish","type":"product","link":"https:\/\/streetmarkets.fr\/app\/produit\/t-shirt-col-rond-manches-courtes-future-h24-femme-sable\/","title":{"rendered":"T-shirt Col Rond Manches Courtes Future (H24 \/ FEMME \/ Sable)"},"content":{"rendered":"<p>D\u00e9contract\u00e9 mais toujours avec d&#8217;allure, ce t-shirt en coton arbore notre signature &#8220;Future University&#8221;. Son col rond et ses manches courtes contrast\u00e9es r\u00e9inventent le style coll\u00e8ge avec une touche d&#8217;audace.<\/p>\n<p>&#8211; T-shirt en coton Femme<br \/>\n<br \/>&#8211; Inscription &#8220;Future University&#8221;<br \/>\n<br \/>&#8211; Col rond<br \/>\n<br \/>&#8211; Manches courtes contrast\u00e9es<br \/>\n<br \/>&#8211; Coupe regular<\/p>\n","protected":false},"excerpt":{"rendered":"<p>D\u00e9contract\u00e9 mais toujours avec d&#8217;allure, ce t-shirt en coton arbore notre signature &#8220;Future University&#8221;. Son col rond et ses manches courtes contrast\u00e9es r\u00e9inventent le style coll\u00e8ge avec une touche d&#8217;audace. &#8211; T-shirt en coton Femme &#8211; Inscription &#8220;Future University&#8221; &#8211; Col rond &#8211; Manches courtes contrast\u00e9es &#8211; Coupe regular<\/p>\n","protected":false},"featured_media":691812,"comment_status":"open","ping_status":"closed","template":"","meta":[],"product_brand":[6868],"product_cat":[1756,1762],"product_tag":[2244],"acf":[],"_links":{"self":[{"href":"https:\/\/streetmarkets.fr\/app\/wp-json\/wp\/v2\/product\/691811"}],"collection":[{"href":"https:\/\/streetmarkets.fr\/app\/wp-json\/wp\/v2\/product"}],"about":[{"href":"https:\/\/streetmarkets.fr\/app\/wp-json\/wp\/v2\/types\/product"}],"replies":[{"embeddable":true,"href":"https:\/\/streetmarkets.fr\/app\/wp-json\/wp\/v2\/comments?post=691811"}],"wp:featuredmedia":[{"embeddable":true,"href":"https:\/\/streetmarkets.fr\/app\/wp-json\/wp\/v2\/media\/691812"}],"wp:attachment":[{"href":"https:\/\/streetmarkets.fr\/app\/wp-json\/wp\/v2\/media?parent=691811"}],"wp:term":[{"taxonomy":"product_brand","embeddable":true,"href":"https:\/\/streetmarkets.fr\/app\/wp-json\/wp\/v2\/product_brand?post=691811"},{"taxonomy":"product_cat","embeddable":true,"href":"https:\/\/streetmarkets.fr\/app\/wp-json\/wp\/v2\/product_cat?post=691811"},{"taxonomy":"product_tag","embeddable":true,"href":"https:\/\/streetmarkets.fr\/app\/wp-json\/wp\/v2\/product_tag?post=691811"}],"curies":[{"name":"wp","href":"https:\/\/api.w.org\/{rel}","templated":true}]}}