{"id":691800,"date":"2024-10-14T15:41:39","date_gmt":"2024-10-14T13:41:39","guid":{"rendered":"https:\/\/streetmarkets.fr\/app\/produit\/pull-col-camionneur-epais-h24-femme-pink-mouline\/"},"modified":"2025-02-04T01:06:51","modified_gmt":"2025-02-04T00:06:51","slug":"pull-col-camionneur-epais-h24-femme-pink-mouline","status":"publish","type":"product","link":"https:\/\/streetmarkets.fr\/app\/produit\/pull-col-camionneur-epais-h24-femme-pink-mouline\/","title":{"rendered":"Pull Col Camionneur Epais (H24 \/ FEMME \/ Pink Mouline)"},"content":{"rendered":"<p>Illuminez votre vestiaire de saison avec ce pull oversize et confectionn\u00e9 en cachemire \u00e9pais. Muni d&#8217;un col camionneur, de manches longues et de bord c\u00f4tel\u00e9s, il r\u00e9chauffe votre silhouette avec \u00e9l\u00e9gance et douceur. Autorisant tous les styles, associez-le \u00e0 une robe fluide ou un jean casual.<\/p>\n<p>&#8211; Pull en cachemire \u00e9pais certifi\u00e9 GCS\u00ae Femme<br \/>\n<br \/>&#8211; Col camionneur<br \/>\n<br \/>&#8211; Manches longues<br \/>\n<br \/>&#8211; Bords c\u00f4tel\u00e9s<br \/>\n<br \/>&#8211; Coupe oversize<br \/>\n<br \/>&#8211; Le Good Cashmere Standard\u00ae (GCS) est une norme ind\u00e9pendante pour un cachemire plus durable et plus responsable. Il vise \u00e0 am\u00e9liorer le bien-\u00eatre des ch\u00e8vres cachemire, les conditions de travail des \u00e9leveurs ainsi qu&#8217;\u00e0 prot\u00e9ger l&#8217;environnement.<br \/>&#8211; <u>Cachemire 6 fils<\/u> <\/p>\n","protected":false},"excerpt":{"rendered":"<p>Illuminez votre vestiaire de saison avec ce pull oversize et confectionn\u00e9 en cachemire \u00e9pais. Muni d&#8217;un col camionneur, de manches longues et de bord c\u00f4tel\u00e9s, il r\u00e9chauffe votre silhouette avec \u00e9l\u00e9gance et douceur. Autorisant tous les styles, associez-le \u00e0 une robe fluide ou un jean casual. &#8211; Pull en cachemire \u00e9pais certifi\u00e9 GCS\u00ae Femme &#8211; [&hellip;]<\/p>\n","protected":false},"featured_media":691801,"comment_status":"open","ping_status":"closed","template":"","meta":[],"product_brand":[6868],"product_cat":[1756,1762],"product_tag":[2244],"acf":[],"_links":{"self":[{"href":"https:\/\/streetmarkets.fr\/app\/wp-json\/wp\/v2\/product\/691800"}],"collection":[{"href":"https:\/\/streetmarkets.fr\/app\/wp-json\/wp\/v2\/product"}],"about":[{"href":"https:\/\/streetmarkets.fr\/app\/wp-json\/wp\/v2\/types\/product"}],"replies":[{"embeddable":true,"href":"https:\/\/streetmarkets.fr\/app\/wp-json\/wp\/v2\/comments?post=691800"}],"wp:featuredmedia":[{"embeddable":true,"href":"https:\/\/streetmarkets.fr\/app\/wp-json\/wp\/v2\/media\/691801"}],"wp:attachment":[{"href":"https:\/\/streetmarkets.fr\/app\/wp-json\/wp\/v2\/media?parent=691800"}],"wp:term":[{"taxonomy":"product_brand","embeddable":true,"href":"https:\/\/streetmarkets.fr\/app\/wp-json\/wp\/v2\/product_brand?post=691800"},{"taxonomy":"product_cat","embeddable":true,"href":"https:\/\/streetmarkets.fr\/app\/wp-json\/wp\/v2\/product_cat?post=691800"},{"taxonomy":"product_tag","embeddable":true,"href":"https:\/\/streetmarkets.fr\/app\/wp-json\/wp\/v2\/product_tag?post=691800"}],"curies":[{"name":"wp","href":"https:\/\/api.w.org\/{rel}","templated":true}]}}