{"id":691788,"date":"2024-10-14T15:41:39","date_gmt":"2024-10-14T13:41:39","guid":{"rendered":"https:\/\/streetmarkets.fr\/app\/produit\/pull-cardigan-a-cotes-h24-femme-fairy-blue\/"},"modified":"2025-02-04T01:06:50","modified_gmt":"2025-02-04T00:06:50","slug":"pull-cardigan-a-cotes-h24-femme-fairy-blue","status":"publish","type":"product","link":"https:\/\/streetmarkets.fr\/app\/produit\/pull-cardigan-a-cotes-h24-femme-fairy-blue\/","title":{"rendered":"Pull Cardigan \u00e0 Cotes (H24 \/ FEMME \/ Fairy Blue)"},"content":{"rendered":"<p>Ce pull cardigan d\u00e9voile une maille douce et c\u00f4tel\u00e9e en 100% cachemire. Muni d&#8217;un col V, des manches longues et d\u00e9tails c\u00f4tel\u00e9s, il conf\u00e8re une allure d\u00e9contract\u00e9e en toute \u00e9l\u00e9gance. Avec une coupe courte et oversize, il s&#8217;ajuste gr\u00e2ce \u00e0 sa fermeture boutonn\u00e9e. <\/p>\n<p>&#8211; Pull cardigan court en cachemire certifi\u00e9 GCS\u00ae Femme<br \/>\n<br \/>&#8211; C\u00f4t\u00e9l\u00e9<br \/>\n<br \/>&#8211; Col en V<br \/>\n<br \/>&#8211; Fermeture boutonn\u00e9e<br \/>\n<br \/>&#8211; Manches longues<br \/>\n<br \/>&#8211; Bords c\u00f4tel\u00e9s<br \/>\n<br \/>&#8211; Coupe oversize<br \/>\n<br \/>&#8211; Le Good Cashmere Standard\u00ae (GCS) est une norme ind\u00e9pendante pour un cachemire plus durable et plus responsable. Il vise \u00e0 am\u00e9liorer le bien-\u00eatre des ch\u00e8vres cachemire, les conditions de travail des \u00e9leveurs ainsi qu&#8217;\u00e0 prot\u00e9ger l&#8217;environnement.<br \/>&#8211; <u>Cachemire 4 fils<\/u> <\/p>\n","protected":false},"excerpt":{"rendered":"<p>Ce pull cardigan d\u00e9voile une maille douce et c\u00f4tel\u00e9e en 100% cachemire. Muni d&#8217;un col V, des manches longues et d\u00e9tails c\u00f4tel\u00e9s, il conf\u00e8re une allure d\u00e9contract\u00e9e en toute \u00e9l\u00e9gance. Avec une coupe courte et oversize, il s&#8217;ajuste gr\u00e2ce \u00e0 sa fermeture boutonn\u00e9e. &#8211; Pull cardigan court en cachemire certifi\u00e9 GCS\u00ae Femme &#8211; C\u00f4t\u00e9l\u00e9 &#8211; [&hellip;]<\/p>\n","protected":false},"featured_media":691789,"comment_status":"open","ping_status":"closed","template":"","meta":[],"product_brand":[6868],"product_cat":[1756,1762],"product_tag":[2244],"acf":[],"_links":{"self":[{"href":"https:\/\/streetmarkets.fr\/app\/wp-json\/wp\/v2\/product\/691788"}],"collection":[{"href":"https:\/\/streetmarkets.fr\/app\/wp-json\/wp\/v2\/product"}],"about":[{"href":"https:\/\/streetmarkets.fr\/app\/wp-json\/wp\/v2\/types\/product"}],"replies":[{"embeddable":true,"href":"https:\/\/streetmarkets.fr\/app\/wp-json\/wp\/v2\/comments?post=691788"}],"wp:featuredmedia":[{"embeddable":true,"href":"https:\/\/streetmarkets.fr\/app\/wp-json\/wp\/v2\/media\/691789"}],"wp:attachment":[{"href":"https:\/\/streetmarkets.fr\/app\/wp-json\/wp\/v2\/media?parent=691788"}],"wp:term":[{"taxonomy":"product_brand","embeddable":true,"href":"https:\/\/streetmarkets.fr\/app\/wp-json\/wp\/v2\/product_brand?post=691788"},{"taxonomy":"product_cat","embeddable":true,"href":"https:\/\/streetmarkets.fr\/app\/wp-json\/wp\/v2\/product_cat?post=691788"},{"taxonomy":"product_tag","embeddable":true,"href":"https:\/\/streetmarkets.fr\/app\/wp-json\/wp\/v2\/product_tag?post=691788"}],"curies":[{"name":"wp","href":"https:\/\/api.w.org\/{rel}","templated":true}]}}