{"id":691770,"date":"2024-10-14T15:41:38","date_gmt":"2024-10-14T13:41:38","guid":{"rendered":"https:\/\/streetmarkets.fr\/app\/produit\/outerwear-veste-h24-femme-noir\/"},"modified":"2025-02-25T01:04:37","modified_gmt":"2025-02-25T00:04:37","slug":"outerwear-veste-h24-femme-noir","status":"publish","type":"product","link":"https:\/\/streetmarkets.fr\/app\/produit\/outerwear-veste-h24-femme-noir\/","title":{"rendered":"Outerwear Veste (H24 \/ FEMME \/ Noir)"},"content":{"rendered":"<p>R\u00e9hauss\u00e9e d&#8217;un col montant et d&#8217;une capuche \u00e0 patte de boutonnage, cette parka courte zipp\u00e9e structure votre silhouette avec audace. Munie de deux poches \u00e0 rabat, elle d\u00e9voile une coupe parfaitement ajust\u00e9e par des cordons au bas et des poignets resserr\u00e9s.<\/p>\n<p>&#8211; Parka courte Femme<br \/>\n<br \/>&#8211; Col montant<br \/>\n<br \/>&#8211; Capuche \u00e0 patte de boutonnage<br \/>\n<br \/>&#8211; 2 poches \u00e0 rabat<br \/>\n<br \/>&#8211; Fermeture zipp\u00e9e et boutons pression<br \/>\n<br \/>&#8211; Manches longues<br \/>\n<br \/>&#8211; Poignets \u00e0 patte de serrage<br \/>\n<br \/>&#8211; Cordons de serrage au bas<br \/>\n<br \/>&#8211; Coupe regular<\/p>\n","protected":false},"excerpt":{"rendered":"<p>R\u00e9hauss\u00e9e d&#8217;un col montant et d&#8217;une capuche \u00e0 patte de boutonnage, cette parka courte zipp\u00e9e structure votre silhouette avec audace. Munie de deux poches \u00e0 rabat, elle d\u00e9voile une coupe parfaitement ajust\u00e9e par des cordons au bas et des poignets resserr\u00e9s. &#8211; Parka courte Femme &#8211; Col montant &#8211; Capuche \u00e0 patte de boutonnage &#8211; [&hellip;]<\/p>\n","protected":false},"featured_media":691771,"comment_status":"open","ping_status":"closed","template":"","meta":[],"product_brand":[6868],"product_cat":[1756,1762],"product_tag":[2244],"acf":[],"_links":{"self":[{"href":"https:\/\/streetmarkets.fr\/app\/wp-json\/wp\/v2\/product\/691770"}],"collection":[{"href":"https:\/\/streetmarkets.fr\/app\/wp-json\/wp\/v2\/product"}],"about":[{"href":"https:\/\/streetmarkets.fr\/app\/wp-json\/wp\/v2\/types\/product"}],"replies":[{"embeddable":true,"href":"https:\/\/streetmarkets.fr\/app\/wp-json\/wp\/v2\/comments?post=691770"}],"wp:featuredmedia":[{"embeddable":true,"href":"https:\/\/streetmarkets.fr\/app\/wp-json\/wp\/v2\/media\/691771"}],"wp:attachment":[{"href":"https:\/\/streetmarkets.fr\/app\/wp-json\/wp\/v2\/media?parent=691770"}],"wp:term":[{"taxonomy":"product_brand","embeddable":true,"href":"https:\/\/streetmarkets.fr\/app\/wp-json\/wp\/v2\/product_brand?post=691770"},{"taxonomy":"product_cat","embeddable":true,"href":"https:\/\/streetmarkets.fr\/app\/wp-json\/wp\/v2\/product_cat?post=691770"},{"taxonomy":"product_tag","embeddable":true,"href":"https:\/\/streetmarkets.fr\/app\/wp-json\/wp\/v2\/product_tag?post=691770"}],"curies":[{"name":"wp","href":"https:\/\/api.w.org\/{rel}","templated":true}]}}