{"id":691759,"date":"2024-10-14T15:41:38","date_gmt":"2024-10-14T13:41:38","guid":{"rendered":"https:\/\/streetmarkets.fr\/app\/produit\/pull-col-roule-h24-homme-utopic-pink\/"},"modified":"2025-03-05T00:59:25","modified_gmt":"2025-03-04T23:59:25","slug":"pull-col-roule-h24-homme-utopic-pink","status":"publish","type":"product","link":"https:\/\/streetmarkets.fr\/app\/produit\/pull-col-roule-h24-homme-utopic-pink\/","title":{"rendered":"Pull Col Roul\u00e9 (H24 \/ HOMME \/ Utopic Pink)"},"content":{"rendered":"<p>Confectionn\u00e9 en cachemire 4 fils, ce pull infiniment doux s&#8217;impose comme un incontournable du vestiaire masculin. Id\u00e9al pour illuminer votre silhouette de saison, il d\u00e9voile un col roul\u00e9, des bords c\u00f4tel\u00e9s et des manches longues marteau. \u00c0 porter sans mod\u00e9ration, compl\u00e9tez votre look casual avec un jean et une casquette.<\/p>\n<p>&#8211; Pull en cachemire 4 fils certifi\u00e9 GCS\u00ae Homme<br \/>\n<br \/>&#8211; Col roul\u00e9<br \/>\n<br \/>&#8211; Manches longues marteau<br \/>\n<br \/>&#8211; Bords c\u00f4tel\u00e9s<br \/>\n<br \/>&#8211; Coupe regular<br \/>\n<br \/>&#8211; Le Good Cashmere Standard\u00ae (GCS) est une norme ind\u00e9pendante pour un cachemire plus durable et plus responsable. Il vise \u00e0 am\u00e9liorer le bien-\u00eatre des ch\u00e8vres cachemire, les conditions de travail des \u00e9leveurs ainsi qu&#8217;\u00e0 prot\u00e9ger l&#8217;environnement.<\/p>\n","protected":false},"excerpt":{"rendered":"<p>Confectionn\u00e9 en cachemire 4 fils, ce pull infiniment doux s&#8217;impose comme un incontournable du vestiaire masculin. Id\u00e9al pour illuminer votre silhouette de saison, il d\u00e9voile un col roul\u00e9, des bords c\u00f4tel\u00e9s et des manches longues marteau. \u00c0 porter sans mod\u00e9ration, compl\u00e9tez votre look casual avec un jean et une casquette. &#8211; Pull en cachemire 4 [&hellip;]<\/p>\n","protected":false},"featured_media":691760,"comment_status":"open","ping_status":"closed","template":"","meta":[],"product_brand":[6868],"product_cat":[1756,1758],"product_tag":[2244],"acf":[],"_links":{"self":[{"href":"https:\/\/streetmarkets.fr\/app\/wp-json\/wp\/v2\/product\/691759"}],"collection":[{"href":"https:\/\/streetmarkets.fr\/app\/wp-json\/wp\/v2\/product"}],"about":[{"href":"https:\/\/streetmarkets.fr\/app\/wp-json\/wp\/v2\/types\/product"}],"replies":[{"embeddable":true,"href":"https:\/\/streetmarkets.fr\/app\/wp-json\/wp\/v2\/comments?post=691759"}],"wp:featuredmedia":[{"embeddable":true,"href":"https:\/\/streetmarkets.fr\/app\/wp-json\/wp\/v2\/media\/691760"}],"wp:attachment":[{"href":"https:\/\/streetmarkets.fr\/app\/wp-json\/wp\/v2\/media?parent=691759"}],"wp:term":[{"taxonomy":"product_brand","embeddable":true,"href":"https:\/\/streetmarkets.fr\/app\/wp-json\/wp\/v2\/product_brand?post=691759"},{"taxonomy":"product_cat","embeddable":true,"href":"https:\/\/streetmarkets.fr\/app\/wp-json\/wp\/v2\/product_cat?post=691759"},{"taxonomy":"product_tag","embeddable":true,"href":"https:\/\/streetmarkets.fr\/app\/wp-json\/wp\/v2\/product_tag?post=691759"}],"curies":[{"name":"wp","href":"https:\/\/api.w.org\/{rel}","templated":true}]}}