{"id":691748,"date":"2024-10-14T15:41:13","date_gmt":"2024-10-14T13:41:13","guid":{"rendered":"https:\/\/streetmarkets.fr\/app\/produit\/echarpe-regular-basique-h24-accessoires-dark-red\/"},"modified":"2025-02-11T01:18:24","modified_gmt":"2025-02-11T00:18:24","slug":"echarpe-regular-basique-h24-accessoires-dark-red","status":"publish","type":"product","link":"https:\/\/streetmarkets.fr\/app\/produit\/echarpe-regular-basique-h24-accessoires-dark-red\/","title":{"rendered":"Echarpe Regular Basique (H24 \/ ACCESSOIRES \/ Dark Red)"},"content":{"rendered":"<p>Emmitouflez-vous en douceur dans cette \u00e9charpe en cachemire. D\u00e9clin\u00e9e dans un colorama in\u00e9dit, elle vient apporter une touche d&#8217;\u00e9l\u00e9gance \u00e0 votre silhouette. <\/p>\n<p>&#8211; \u00c9charpe en cachemire certifi\u00e9 GCS\u00ae<br \/>\n<br \/>&#8211; Coupe regular<br \/>\n<br \/>&#8211; Le Good Cashmere Standard\u00ae (GCS) est une norme ind\u00e9pendante pour un cachemire plus durable et plus responsable. Il vise \u00e0 am\u00e9liorer le bien-\u00eatre des ch\u00e8vres cachemire, les conditions de travail des \u00e9leveurs ainsi qu&#8217;\u00e0 prot\u00e9ger l&#8217;environnement.<br \/>&#8211; <u>Cachemire 2 fils<\/u> <\/p>\n","protected":false},"excerpt":{"rendered":"<p>Emmitouflez-vous en douceur dans cette \u00e9charpe en cachemire. D\u00e9clin\u00e9e dans un colorama in\u00e9dit, elle vient apporter une touche d&#8217;\u00e9l\u00e9gance \u00e0 votre silhouette. &#8211; \u00c9charpe en cachemire certifi\u00e9 GCS\u00ae &#8211; Coupe regular &#8211; Le Good Cashmere Standard\u00ae (GCS) est une norme ind\u00e9pendante pour un cachemire plus durable et plus responsable. Il vise \u00e0 am\u00e9liorer le bien-\u00eatre [&hellip;]<\/p>\n","protected":false},"featured_media":691749,"comment_status":"open","ping_status":"closed","template":"","meta":[],"product_brand":[6868],"product_cat":[1756,1764],"product_tag":[2244],"acf":[],"_links":{"self":[{"href":"https:\/\/streetmarkets.fr\/app\/wp-json\/wp\/v2\/product\/691748"}],"collection":[{"href":"https:\/\/streetmarkets.fr\/app\/wp-json\/wp\/v2\/product"}],"about":[{"href":"https:\/\/streetmarkets.fr\/app\/wp-json\/wp\/v2\/types\/product"}],"replies":[{"embeddable":true,"href":"https:\/\/streetmarkets.fr\/app\/wp-json\/wp\/v2\/comments?post=691748"}],"wp:featuredmedia":[{"embeddable":true,"href":"https:\/\/streetmarkets.fr\/app\/wp-json\/wp\/v2\/media\/691749"}],"wp:attachment":[{"href":"https:\/\/streetmarkets.fr\/app\/wp-json\/wp\/v2\/media?parent=691748"}],"wp:term":[{"taxonomy":"product_brand","embeddable":true,"href":"https:\/\/streetmarkets.fr\/app\/wp-json\/wp\/v2\/product_brand?post=691748"},{"taxonomy":"product_cat","embeddable":true,"href":"https:\/\/streetmarkets.fr\/app\/wp-json\/wp\/v2\/product_cat?post=691748"},{"taxonomy":"product_tag","embeddable":true,"href":"https:\/\/streetmarkets.fr\/app\/wp-json\/wp\/v2\/product_tag?post=691748"}],"curies":[{"name":"wp","href":"https:\/\/api.w.org\/{rel}","templated":true}]}}