{"id":691657,"date":"2024-10-14T15:41:08","date_gmt":"2024-10-14T13:41:08","guid":{"rendered":"https:\/\/streetmarkets.fr\/app\/produit\/pull-hoodie-h24-femme-utopic-pink\/"},"modified":"2025-02-25T01:04:36","modified_gmt":"2025-02-25T00:04:36","slug":"pull-hoodie-h24-femme-utopic-pink","status":"publish","type":"product","link":"https:\/\/streetmarkets.fr\/app\/produit\/pull-hoodie-h24-femme-utopic-pink\/","title":{"rendered":"Pull Hoodie (H24 \/ FEMME \/ Utopic Pink)"},"content":{"rendered":"<p>Confectionn\u00e9 en cachemire, ce pull hoodie oversize r\u00e9chauffera votre silhouette de saison. Orn\u00e9 d&#8217;une broderie signature &#8220;FF&#8221; au bas, il d\u00e9voile une capuche \u00e0 cordons, de manches longues et de bords c\u00f4tel\u00e9s. D\u00e9clin\u00e9 dans un colorama in\u00e9dit, il se porte sans mod\u00e9ration.<\/p>\n<p>&#8211; Pull hoodie en cachemire GCS\u00ae Femme <br \/>&#8211; Broderie &#8220;FF&#8221; <br \/>&#8211; Capuche \u00e0 cordons <br \/>&#8211; Manches longues <br \/>&#8211; Bords c\u00f4tel\u00e9s <br \/>&#8211; Coupe oversize <br \/>&#8211; Le Good Cashmere Standard\u00ae (GCS) est une norme ind\u00e9pendante pour un cachemire plus durable et plus responsable. Il vise \u00e0 am\u00e9liorer le bien-\u00eatre des ch\u00e8vres cachemire, les conditions de travail des \u00e9leveurs ainsi qu&#8217;\u00e0 prot\u00e9ger l&#8217;environnement.<br \/>&#8211; <u>Cachemire 2 fils<\/u><\/p>\n","protected":false},"excerpt":{"rendered":"<p>Confectionn\u00e9 en cachemire, ce pull hoodie oversize r\u00e9chauffera votre silhouette de saison. Orn\u00e9 d&#8217;une broderie signature &#8220;FF&#8221; au bas, il d\u00e9voile une capuche \u00e0 cordons, de manches longues et de bords c\u00f4tel\u00e9s. D\u00e9clin\u00e9 dans un colorama in\u00e9dit, il se porte sans mod\u00e9ration. &#8211; Pull hoodie en cachemire GCS\u00ae Femme &#8211; Broderie &#8220;FF&#8221; &#8211; Capuche \u00e0 [&hellip;]<\/p>\n","protected":false},"featured_media":691658,"comment_status":"open","ping_status":"closed","template":"","meta":[],"product_brand":[6868],"product_cat":[1756,1762],"product_tag":[2244],"acf":[],"_links":{"self":[{"href":"https:\/\/streetmarkets.fr\/app\/wp-json\/wp\/v2\/product\/691657"}],"collection":[{"href":"https:\/\/streetmarkets.fr\/app\/wp-json\/wp\/v2\/product"}],"about":[{"href":"https:\/\/streetmarkets.fr\/app\/wp-json\/wp\/v2\/types\/product"}],"replies":[{"embeddable":true,"href":"https:\/\/streetmarkets.fr\/app\/wp-json\/wp\/v2\/comments?post=691657"}],"wp:featuredmedia":[{"embeddable":true,"href":"https:\/\/streetmarkets.fr\/app\/wp-json\/wp\/v2\/media\/691658"}],"wp:attachment":[{"href":"https:\/\/streetmarkets.fr\/app\/wp-json\/wp\/v2\/media?parent=691657"}],"wp:term":[{"taxonomy":"product_brand","embeddable":true,"href":"https:\/\/streetmarkets.fr\/app\/wp-json\/wp\/v2\/product_brand?post=691657"},{"taxonomy":"product_cat","embeddable":true,"href":"https:\/\/streetmarkets.fr\/app\/wp-json\/wp\/v2\/product_cat?post=691657"},{"taxonomy":"product_tag","embeddable":true,"href":"https:\/\/streetmarkets.fr\/app\/wp-json\/wp\/v2\/product_tag?post=691657"}],"curies":[{"name":"wp","href":"https:\/\/api.w.org\/{rel}","templated":true}]}}