{"id":691616,"date":"2024-10-14T15:41:05","date_gmt":"2024-10-14T13:41:05","guid":{"rendered":"https:\/\/streetmarkets.fr\/app\/produit\/pull-col-montant-h24-femme-bright-red\/"},"modified":"2025-02-15T01:04:05","modified_gmt":"2025-02-15T00:04:05","slug":"pull-col-montant-h24-femme-bright-red","status":"publish","type":"product","link":"https:\/\/streetmarkets.fr\/app\/produit\/pull-col-montant-h24-femme-bright-red\/","title":{"rendered":"Pull Col Montant (H24 \/ FEMME \/ Bright Red)"},"content":{"rendered":"<p>Confectionn\u00e9 en cachemire, ce pull oversize structure votre silhouette avec audace. Son col montant, ses manches longues et ses bords c\u00f4tel\u00e9s sont r\u00e9hauss\u00e9s par des bandes contrast\u00e9es aux couleurs vibrantes. Id\u00e9al pour r\u00e9chauffer votre allure avec style, il s&#8217;associe \u00e0 un jean d\u00e9contract\u00e9 pour un look chic et casual.<\/p>\n<p>&#8211; Pull en cachemire certifi\u00e9 GCS\u00ae Femme<br \/>\n<br \/>&#8211; Bandes contrast\u00e9es<br \/>\n<br \/>&#8211; Col montant<br \/>\n<br \/>&#8211; Manches longues<br \/>\n<br \/>&#8211; Bords c\u00f4tel\u00e9s<br \/>\n<br \/>&#8211; Coupe oversize<br \/>\n<br \/>&#8211; Le Good Cashmere Standard\u00ae (GCS) est une norme ind\u00e9pendante pour un cachemire plus durable et plus responsable. Il vise \u00e0 am\u00e9liorer le bien-\u00eatre des ch\u00e8vres cachemire, les conditions de travail des \u00e9leveurs ainsi qu&#8217;\u00e0 prot\u00e9ger l&#8217;environnement.<br \/>&#8211; <u>Cachemire 4 fils<\/u> <\/p>\n","protected":false},"excerpt":{"rendered":"<p>Confectionn\u00e9 en cachemire, ce pull oversize structure votre silhouette avec audace. Son col montant, ses manches longues et ses bords c\u00f4tel\u00e9s sont r\u00e9hauss\u00e9s par des bandes contrast\u00e9es aux couleurs vibrantes. Id\u00e9al pour r\u00e9chauffer votre allure avec style, il s&#8217;associe \u00e0 un jean d\u00e9contract\u00e9 pour un look chic et casual. &#8211; Pull en cachemire certifi\u00e9 GCS\u00ae [&hellip;]<\/p>\n","protected":false},"featured_media":691617,"comment_status":"open","ping_status":"closed","template":"","meta":[],"product_brand":[6868],"product_cat":[1756,1762],"product_tag":[2244],"acf":[],"_links":{"self":[{"href":"https:\/\/streetmarkets.fr\/app\/wp-json\/wp\/v2\/product\/691616"}],"collection":[{"href":"https:\/\/streetmarkets.fr\/app\/wp-json\/wp\/v2\/product"}],"about":[{"href":"https:\/\/streetmarkets.fr\/app\/wp-json\/wp\/v2\/types\/product"}],"replies":[{"embeddable":true,"href":"https:\/\/streetmarkets.fr\/app\/wp-json\/wp\/v2\/comments?post=691616"}],"wp:featuredmedia":[{"embeddable":true,"href":"https:\/\/streetmarkets.fr\/app\/wp-json\/wp\/v2\/media\/691617"}],"wp:attachment":[{"href":"https:\/\/streetmarkets.fr\/app\/wp-json\/wp\/v2\/media?parent=691616"}],"wp:term":[{"taxonomy":"product_brand","embeddable":true,"href":"https:\/\/streetmarkets.fr\/app\/wp-json\/wp\/v2\/product_brand?post=691616"},{"taxonomy":"product_cat","embeddable":true,"href":"https:\/\/streetmarkets.fr\/app\/wp-json\/wp\/v2\/product_cat?post=691616"},{"taxonomy":"product_tag","embeddable":true,"href":"https:\/\/streetmarkets.fr\/app\/wp-json\/wp\/v2\/product_tag?post=691616"}],"curies":[{"name":"wp","href":"https:\/\/api.w.org\/{rel}","templated":true}]}}