{"id":691607,"date":"2024-10-14T15:41:05","date_gmt":"2024-10-14T13:41:05","guid":{"rendered":"https:\/\/streetmarkets.fr\/app\/produit\/pull-col-montant-mariniere-a-boutons-h24-femme-noir\/"},"modified":"2025-01-21T01:03:20","modified_gmt":"2025-01-21T00:03:20","slug":"pull-col-montant-mariniere-a-boutons-h24-femme-noir","status":"publish","type":"product","link":"https:\/\/streetmarkets.fr\/app\/produit\/pull-col-montant-mariniere-a-boutons-h24-femme-noir\/","title":{"rendered":"Pull Col Montant Marini\u00e8re \u00e0 Boutons (H24 \/ FEMME \/ Noir)"},"content":{"rendered":"<p>L&#8217;incontournable pull marini\u00e8re se r\u00e9invente avec une touche d&#8217;audace. Confectionn\u00e9 en cachemire, il d\u00e9voile des manches longues, un col montant et des bords c\u00f4tel\u00e9s. Orn\u00e9 de boutons aux \u00e9paules, ses rayures contrast\u00e9es conf\u00e8rent une silhouette d\u00e9contract\u00e9e en toute \u00e9l\u00e9gance. Facile \u00e0 mixer, portez-le sur une robe fluide ou associez-le \u00e0 un jean casual.<\/p>\n<p>&#8211; Pull en cachemire certifi\u00e9 GCS\u00ae Femme<br \/>\n<br \/>&#8211; Rayures<br \/>\n<br \/>&#8211; Boutons aux \u00e9paules<br \/>\n<br \/>&#8211; Col montant<br \/>\n<br \/>&#8211; Manches longues<br \/>\n<br \/>&#8211; Bords c\u00f4tel\u00e9s<br \/>\n<br \/>&#8211; Coupe regular<br \/>\n<br \/>&#8211; Le Good Cashmere Standard\u00ae (GCS) est une norme ind\u00e9pendante pour un cachemire plus durable et plus responsable. Il vise \u00e0 am\u00e9liorer le bien-\u00eatre des ch\u00e8vres cachemire, les conditions de travail des \u00e9leveurs ainsi qu&#8217;\u00e0 prot\u00e9ger l&#8217;environnement.<br \/>&#8211; <u>Cachemire 4 fils<\/u> <\/p>\n","protected":false},"excerpt":{"rendered":"<p>L&#8217;incontournable pull marini\u00e8re se r\u00e9invente avec une touche d&#8217;audace. Confectionn\u00e9 en cachemire, il d\u00e9voile des manches longues, un col montant et des bords c\u00f4tel\u00e9s. Orn\u00e9 de boutons aux \u00e9paules, ses rayures contrast\u00e9es conf\u00e8rent une silhouette d\u00e9contract\u00e9e en toute \u00e9l\u00e9gance. Facile \u00e0 mixer, portez-le sur une robe fluide ou associez-le \u00e0 un jean casual. &#8211; Pull [&hellip;]<\/p>\n","protected":false},"featured_media":691608,"comment_status":"open","ping_status":"closed","template":"","meta":[],"product_brand":[6868],"product_cat":[1756,1762],"product_tag":[2244],"acf":[],"_links":{"self":[{"href":"https:\/\/streetmarkets.fr\/app\/wp-json\/wp\/v2\/product\/691607"}],"collection":[{"href":"https:\/\/streetmarkets.fr\/app\/wp-json\/wp\/v2\/product"}],"about":[{"href":"https:\/\/streetmarkets.fr\/app\/wp-json\/wp\/v2\/types\/product"}],"replies":[{"embeddable":true,"href":"https:\/\/streetmarkets.fr\/app\/wp-json\/wp\/v2\/comments?post=691607"}],"wp:featuredmedia":[{"embeddable":true,"href":"https:\/\/streetmarkets.fr\/app\/wp-json\/wp\/v2\/media\/691608"}],"wp:attachment":[{"href":"https:\/\/streetmarkets.fr\/app\/wp-json\/wp\/v2\/media?parent=691607"}],"wp:term":[{"taxonomy":"product_brand","embeddable":true,"href":"https:\/\/streetmarkets.fr\/app\/wp-json\/wp\/v2\/product_brand?post=691607"},{"taxonomy":"product_cat","embeddable":true,"href":"https:\/\/streetmarkets.fr\/app\/wp-json\/wp\/v2\/product_cat?post=691607"},{"taxonomy":"product_tag","embeddable":true,"href":"https:\/\/streetmarkets.fr\/app\/wp-json\/wp\/v2\/product_tag?post=691607"}],"curies":[{"name":"wp","href":"https:\/\/api.w.org\/{rel}","templated":true}]}}