{"id":691583,"date":"2024-10-14T15:41:03","date_gmt":"2024-10-14T13:41:03","guid":{"rendered":"https:\/\/streetmarkets.fr\/app\/produit\/pull-sans-manche-bicolore-h24-femme-chocolat\/"},"modified":"2025-02-04T01:06:24","modified_gmt":"2025-02-04T00:06:24","slug":"pull-sans-manche-bicolore-h24-femme-chocolat","status":"publish","type":"product","link":"https:\/\/streetmarkets.fr\/app\/produit\/pull-sans-manche-bicolore-h24-femme-chocolat\/","title":{"rendered":"Pull Sans Manches Bicolore (H24 \/ FEMME \/ Chocolat)"},"content":{"rendered":"<p>Allure chic et structur\u00e9e pour ce pull sans manches court orn\u00e9 d&#8217;une signature &#8220;FF&#8221; sur la poitrine. Confectionn\u00e9 en cachemire, des bords contrast\u00e9s soulignent le col chemise en V. Associez-le au jogging coordonn\u00e9 pour un total look chic et casual.<\/p>\n<p>&#8211; Pull sans manches court en cachemire certifi\u00e9 GCS\u00ae Femme<br \/>\n<br \/>&#8211; Logo &#8220;FF&#8221;<br \/>\n<br \/>&#8211; Col chemise en V<br \/>\n<br \/>&#8211; Bords contrast\u00e9s<br \/>\n<br \/>&#8211; Coupe regular<br \/>\n<br \/>&#8211; Le Good Cashmere Standard\u00ae (GCS) est une norme ind\u00e9pendante pour un cachemire plus durable et plus responsable. Il vise \u00e0 am\u00e9liorer le bien-\u00eatre des ch\u00e8vres cachemire, les conditions de travail des \u00e9leveurs ainsi qu&#8217;\u00e0 prot\u00e9ger l&#8217;environnement.<br \/>&#8211; <u>Cachemire 2 fils<\/u> <\/p>\n","protected":false},"excerpt":{"rendered":"<p>Allure chic et structur\u00e9e pour ce pull sans manches court orn\u00e9 d&#8217;une signature &#8220;FF&#8221; sur la poitrine. Confectionn\u00e9 en cachemire, des bords contrast\u00e9s soulignent le col chemise en V. Associez-le au jogging coordonn\u00e9 pour un total look chic et casual. &#8211; Pull sans manches court en cachemire certifi\u00e9 GCS\u00ae Femme &#8211; Logo &#8220;FF&#8221; &#8211; Col [&hellip;]<\/p>\n","protected":false},"featured_media":691584,"comment_status":"open","ping_status":"closed","template":"","meta":[],"product_brand":[6868],"product_cat":[1756,1762],"product_tag":[2244],"acf":[],"_links":{"self":[{"href":"https:\/\/streetmarkets.fr\/app\/wp-json\/wp\/v2\/product\/691583"}],"collection":[{"href":"https:\/\/streetmarkets.fr\/app\/wp-json\/wp\/v2\/product"}],"about":[{"href":"https:\/\/streetmarkets.fr\/app\/wp-json\/wp\/v2\/types\/product"}],"replies":[{"embeddable":true,"href":"https:\/\/streetmarkets.fr\/app\/wp-json\/wp\/v2\/comments?post=691583"}],"wp:featuredmedia":[{"embeddable":true,"href":"https:\/\/streetmarkets.fr\/app\/wp-json\/wp\/v2\/media\/691584"}],"wp:attachment":[{"href":"https:\/\/streetmarkets.fr\/app\/wp-json\/wp\/v2\/media?parent=691583"}],"wp:term":[{"taxonomy":"product_brand","embeddable":true,"href":"https:\/\/streetmarkets.fr\/app\/wp-json\/wp\/v2\/product_brand?post=691583"},{"taxonomy":"product_cat","embeddable":true,"href":"https:\/\/streetmarkets.fr\/app\/wp-json\/wp\/v2\/product_cat?post=691583"},{"taxonomy":"product_tag","embeddable":true,"href":"https:\/\/streetmarkets.fr\/app\/wp-json\/wp\/v2\/product_tag?post=691583"}],"curies":[{"name":"wp","href":"https:\/\/api.w.org\/{rel}","templated":true}]}}