{"id":691555,"date":"2024-10-14T15:41:01","date_gmt":"2024-10-14T13:41:01","guid":{"rendered":"https:\/\/streetmarkets.fr\/app\/produit\/outerwear-veste-sherpa-h24-femme-ecru\/"},"modified":"2025-02-25T01:04:36","modified_gmt":"2025-02-25T00:04:36","slug":"outerwear-veste-sherpa-h24-femme-ecru","status":"publish","type":"product","link":"https:\/\/streetmarkets.fr\/app\/produit\/outerwear-veste-sherpa-h24-femme-ecru\/","title":{"rendered":"Outerwear Veste Sherpa (H24 \/ FEMME \/ Ecru)"},"content":{"rendered":"<p>Rejoignez le Club avec cette veste courte en sherpa, orn\u00e9e d&#8217;une signature brod\u00e9e &#8220;From Future&#8221; \u00e0 la poitrine. Infiniment douce, elle r\u00e9v\u00e8le un col montant et une coupe structur\u00e9e, ajust\u00e9e d&#8217;une fermeture zipp\u00e9e et de stoppeurs aux poignets et au bas.<\/p>\n<p>&#8211; Veste courte en sherpa Femme<br \/>\n<br \/>&#8211; Broderie &#8220;From Future&#8221; sur la poitrine<br \/>\n<br \/>&#8211; Surpiq\u00fbres<br \/>\n<br \/>&#8211; Col montant<br \/>\n<br \/>&#8211; Fermeture zipp\u00e9e<br \/>\n<br \/>&#8211; Manches longues<br \/>\n<br \/>&#8211; Stoppeurs aux poignets et au bas<br \/>\n<br \/>&#8211; Coupe regular<\/p>\n","protected":false},"excerpt":{"rendered":"<p>Rejoignez le Club avec cette veste courte en sherpa, orn\u00e9e d&#8217;une signature brod\u00e9e &#8220;From Future&#8221; \u00e0 la poitrine. Infiniment douce, elle r\u00e9v\u00e8le un col montant et une coupe structur\u00e9e, ajust\u00e9e d&#8217;une fermeture zipp\u00e9e et de stoppeurs aux poignets et au bas. &#8211; Veste courte en sherpa Femme &#8211; Broderie &#8220;From Future&#8221; sur la poitrine &#8211; [&hellip;]<\/p>\n","protected":false},"featured_media":691556,"comment_status":"open","ping_status":"closed","template":"","meta":[],"product_brand":[6868],"product_cat":[1756,1762],"product_tag":[2244],"acf":[],"_links":{"self":[{"href":"https:\/\/streetmarkets.fr\/app\/wp-json\/wp\/v2\/product\/691555"}],"collection":[{"href":"https:\/\/streetmarkets.fr\/app\/wp-json\/wp\/v2\/product"}],"about":[{"href":"https:\/\/streetmarkets.fr\/app\/wp-json\/wp\/v2\/types\/product"}],"replies":[{"embeddable":true,"href":"https:\/\/streetmarkets.fr\/app\/wp-json\/wp\/v2\/comments?post=691555"}],"wp:featuredmedia":[{"embeddable":true,"href":"https:\/\/streetmarkets.fr\/app\/wp-json\/wp\/v2\/media\/691556"}],"wp:attachment":[{"href":"https:\/\/streetmarkets.fr\/app\/wp-json\/wp\/v2\/media?parent=691555"}],"wp:term":[{"taxonomy":"product_brand","embeddable":true,"href":"https:\/\/streetmarkets.fr\/app\/wp-json\/wp\/v2\/product_brand?post=691555"},{"taxonomy":"product_cat","embeddable":true,"href":"https:\/\/streetmarkets.fr\/app\/wp-json\/wp\/v2\/product_cat?post=691555"},{"taxonomy":"product_tag","embeddable":true,"href":"https:\/\/streetmarkets.fr\/app\/wp-json\/wp\/v2\/product_tag?post=691555"}],"curies":[{"name":"wp","href":"https:\/\/api.w.org\/{rel}","templated":true}]}}