{"id":691542,"date":"2024-10-14T15:41:01","date_gmt":"2024-10-14T13:41:01","guid":{"rendered":"https:\/\/streetmarkets.fr\/app\/produit\/pantalon-cargo-h24-femme-noir\/"},"modified":"2025-03-15T01:03:52","modified_gmt":"2025-03-15T00:03:52","slug":"pantalon-cargo-h24-femme-noir","status":"publish","type":"product","link":"https:\/\/streetmarkets.fr\/app\/produit\/pantalon-cargo-h24-femme-noir\/","title":{"rendered":"Pantalon Cargo (H24 \/ FEMME \/ Noir)"},"content":{"rendered":"<p>Twistez votre silhouette de saison avec ce pantalon cargo en satin. \u00c9lastiqu\u00e9e \u00e0 la taille, il d\u00e9voile une silhouette sophistiqu\u00e9e en toute fluidit\u00e9. Associez-le \u00e0 une chemise structur\u00e9e ou un t-shirt ample pour un look chic et casual.<\/p>\n<p>&#8211; Pantalon cargo en satin Femme<br \/>\n<br \/>&#8211; \u00c9lastiqu\u00e9e \u00e0 la taille<br \/>\n<br \/>&#8211; Coupe regular<\/p>\n","protected":false},"excerpt":{"rendered":"<p>Twistez votre silhouette de saison avec ce pantalon cargo en satin. \u00c9lastiqu\u00e9e \u00e0 la taille, il d\u00e9voile une silhouette sophistiqu\u00e9e en toute fluidit\u00e9. Associez-le \u00e0 une chemise structur\u00e9e ou un t-shirt ample pour un look chic et casual. &#8211; Pantalon cargo en satin Femme &#8211; \u00c9lastiqu\u00e9e \u00e0 la taille &#8211; Coupe regular<\/p>\n","protected":false},"featured_media":691543,"comment_status":"open","ping_status":"closed","template":"","meta":[],"product_brand":[6868],"product_cat":[1756,1762],"product_tag":[2244],"acf":[],"_links":{"self":[{"href":"https:\/\/streetmarkets.fr\/app\/wp-json\/wp\/v2\/product\/691542"}],"collection":[{"href":"https:\/\/streetmarkets.fr\/app\/wp-json\/wp\/v2\/product"}],"about":[{"href":"https:\/\/streetmarkets.fr\/app\/wp-json\/wp\/v2\/types\/product"}],"replies":[{"embeddable":true,"href":"https:\/\/streetmarkets.fr\/app\/wp-json\/wp\/v2\/comments?post=691542"}],"wp:featuredmedia":[{"embeddable":true,"href":"https:\/\/streetmarkets.fr\/app\/wp-json\/wp\/v2\/media\/691543"}],"wp:attachment":[{"href":"https:\/\/streetmarkets.fr\/app\/wp-json\/wp\/v2\/media?parent=691542"}],"wp:term":[{"taxonomy":"product_brand","embeddable":true,"href":"https:\/\/streetmarkets.fr\/app\/wp-json\/wp\/v2\/product_brand?post=691542"},{"taxonomy":"product_cat","embeddable":true,"href":"https:\/\/streetmarkets.fr\/app\/wp-json\/wp\/v2\/product_cat?post=691542"},{"taxonomy":"product_tag","embeddable":true,"href":"https:\/\/streetmarkets.fr\/app\/wp-json\/wp\/v2\/product_tag?post=691542"}],"curies":[{"name":"wp","href":"https:\/\/api.w.org\/{rel}","templated":true}]}}