{"id":691529,"date":"2024-10-14T15:41:00","date_gmt":"2024-10-14T13:41:00","guid":{"rendered":"https:\/\/streetmarkets.fr\/app\/produit\/pantalon-flare-jersey-h24-femme-hot-leopard\/"},"modified":"2025-03-15T01:03:51","modified_gmt":"2025-03-15T00:03:51","slug":"pantalon-flare-jersey-h24-femme-hot-leopard","status":"publish","type":"product","link":"https:\/\/streetmarkets.fr\/app\/produit\/pantalon-flare-jersey-h24-femme-hot-leopard\/","title":{"rendered":"Pantalon Flare Jersey (H24 \/ FEMME \/ Hot Leopard)"},"content":{"rendered":"<p>Orn\u00e9 d&#8217;un imprim\u00e9 l\u00e9opard, ce pantalon flare c\u00f4tel\u00e9 joue des volumes pour une silhouette \u00e9lanc\u00e9e. \u00c9lastiqu\u00e9 \u00e0 la taille, il se distingue par son tomb\u00e9 \u00e9vas\u00e9. Compl\u00e9tez votre look casual avec le top coordonn\u00e9.<\/p>\n<p>&#8211; Pantalon long Femme<br \/>\n<br \/>&#8211; Imprim\u00e9 l\u00e9opard<br \/>\n<br \/>&#8211; Taille \u00e9lastiqu\u00e9e<br \/>\n<br \/>&#8211; Bas \u00e9vas\u00e9<br \/>\n<br \/>&#8211; Coupe slim<\/p>\n","protected":false},"excerpt":{"rendered":"<p>Orn\u00e9 d&#8217;un imprim\u00e9 l\u00e9opard, ce pantalon flare c\u00f4tel\u00e9 joue des volumes pour une silhouette \u00e9lanc\u00e9e. \u00c9lastiqu\u00e9 \u00e0 la taille, il se distingue par son tomb\u00e9 \u00e9vas\u00e9. Compl\u00e9tez votre look casual avec le top coordonn\u00e9. &#8211; Pantalon long Femme &#8211; Imprim\u00e9 l\u00e9opard &#8211; Taille \u00e9lastiqu\u00e9e &#8211; Bas \u00e9vas\u00e9 &#8211; Coupe slim<\/p>\n","protected":false},"featured_media":691530,"comment_status":"open","ping_status":"closed","template":"","meta":[],"product_brand":[6868],"product_cat":[1756,1762],"product_tag":[2244],"acf":[],"_links":{"self":[{"href":"https:\/\/streetmarkets.fr\/app\/wp-json\/wp\/v2\/product\/691529"}],"collection":[{"href":"https:\/\/streetmarkets.fr\/app\/wp-json\/wp\/v2\/product"}],"about":[{"href":"https:\/\/streetmarkets.fr\/app\/wp-json\/wp\/v2\/types\/product"}],"replies":[{"embeddable":true,"href":"https:\/\/streetmarkets.fr\/app\/wp-json\/wp\/v2\/comments?post=691529"}],"wp:featuredmedia":[{"embeddable":true,"href":"https:\/\/streetmarkets.fr\/app\/wp-json\/wp\/v2\/media\/691530"}],"wp:attachment":[{"href":"https:\/\/streetmarkets.fr\/app\/wp-json\/wp\/v2\/media?parent=691529"}],"wp:term":[{"taxonomy":"product_brand","embeddable":true,"href":"https:\/\/streetmarkets.fr\/app\/wp-json\/wp\/v2\/product_brand?post=691529"},{"taxonomy":"product_cat","embeddable":true,"href":"https:\/\/streetmarkets.fr\/app\/wp-json\/wp\/v2\/product_cat?post=691529"},{"taxonomy":"product_tag","embeddable":true,"href":"https:\/\/streetmarkets.fr\/app\/wp-json\/wp\/v2\/product_tag?post=691529"}],"curies":[{"name":"wp","href":"https:\/\/api.w.org\/{rel}","templated":true}]}}