{"id":691503,"date":"2024-10-14T15:40:59","date_gmt":"2024-10-14T13:40:59","guid":{"rendered":"https:\/\/streetmarkets.fr\/app\/produit\/top-manches-longues-mesh-h24-femme-passionate-rose\/"},"modified":"2025-03-15T01:03:51","modified_gmt":"2025-03-15T00:03:51","slug":"top-manches-longues-mesh-h24-femme-passionate-rose","status":"publish","type":"product","link":"https:\/\/streetmarkets.fr\/app\/produit\/top-manches-longues-mesh-h24-femme-passionate-rose\/","title":{"rendered":"Top Manches Longues Mesh (H24 \/ FEMME \/ Passionate Rose)"},"content":{"rendered":"<p>Orn\u00e9 d&#8217;un imprim\u00e9 fleuri audacieux, ce top apporte une touche de fra\u00eecheur \u00e0 votre allure. \u00c0 porter comme une seconde peau, il affiche un col montant et des manches longues. Osez le total look chic et casual avec le pantalon coordonn\u00e9.<\/p>\n<p>&#8211; Top Femme<br \/>\n<br \/>&#8211; Imprim\u00e9 fleuri<br \/>\n<br \/>&#8211; Col montant<br \/>\n<br \/>&#8211; Manches longues<br \/>\n<br \/>&#8211; Coupe slim<\/p>\n","protected":false},"excerpt":{"rendered":"<p>Orn\u00e9 d&#8217;un imprim\u00e9 fleuri audacieux, ce top apporte une touche de fra\u00eecheur \u00e0 votre allure. \u00c0 porter comme une seconde peau, il affiche un col montant et des manches longues. Osez le total look chic et casual avec le pantalon coordonn\u00e9. &#8211; Top Femme &#8211; Imprim\u00e9 fleuri &#8211; Col montant &#8211; Manches longues &#8211; Coupe [&hellip;]<\/p>\n","protected":false},"featured_media":691504,"comment_status":"open","ping_status":"closed","template":"","meta":[],"product_brand":[6868],"product_cat":[1756,1762],"product_tag":[2244],"acf":[],"_links":{"self":[{"href":"https:\/\/streetmarkets.fr\/app\/wp-json\/wp\/v2\/product\/691503"}],"collection":[{"href":"https:\/\/streetmarkets.fr\/app\/wp-json\/wp\/v2\/product"}],"about":[{"href":"https:\/\/streetmarkets.fr\/app\/wp-json\/wp\/v2\/types\/product"}],"replies":[{"embeddable":true,"href":"https:\/\/streetmarkets.fr\/app\/wp-json\/wp\/v2\/comments?post=691503"}],"wp:featuredmedia":[{"embeddable":true,"href":"https:\/\/streetmarkets.fr\/app\/wp-json\/wp\/v2\/media\/691504"}],"wp:attachment":[{"href":"https:\/\/streetmarkets.fr\/app\/wp-json\/wp\/v2\/media?parent=691503"}],"wp:term":[{"taxonomy":"product_brand","embeddable":true,"href":"https:\/\/streetmarkets.fr\/app\/wp-json\/wp\/v2\/product_brand?post=691503"},{"taxonomy":"product_cat","embeddable":true,"href":"https:\/\/streetmarkets.fr\/app\/wp-json\/wp\/v2\/product_cat?post=691503"},{"taxonomy":"product_tag","embeddable":true,"href":"https:\/\/streetmarkets.fr\/app\/wp-json\/wp\/v2\/product_tag?post=691503"}],"curies":[{"name":"wp","href":"https:\/\/api.w.org\/{rel}","templated":true}]}}