{"id":691482,"date":"2024-10-14T15:40:21","date_gmt":"2024-10-14T13:40:21","guid":{"rendered":"https:\/\/streetmarkets.fr\/app\/produit\/sweatshirt-col-rond-love-club-h24-femme-ecru\/"},"modified":"2025-01-24T01:07:42","modified_gmt":"2025-01-24T00:07:42","slug":"sweatshirt-col-rond-love-club-h24-femme-ecru","status":"publish","type":"product","link":"https:\/\/streetmarkets.fr\/app\/produit\/sweatshirt-col-rond-love-club-h24-femme-ecru\/","title":{"rendered":"Sweatshirt Col Rond Love Club (H24 \/ FEMME \/ Ecru)"},"content":{"rendered":"<p>Rejoignez le Love Club avec ce sweatshirt en coton orn\u00e9 d&#8217;une d\u00e9claration audacieuse \u00e0 l&#8217;avant. Muni d&#8217;un col rond et de manches longues, il s&#8217;adopte sans effort avec un jean droit ou un pantalon ample. <\/p>\n<p>&#8211; Sweatshirt en coton Femme<br \/>\n<br \/>&#8211; Inscription &#8220;Love Club&#8221;<br \/>\n<br \/>&#8211; Col rond<br \/>\n<br \/>&#8211; Manches longues<br \/>\n<br \/>&#8211; Bords c\u00f4tel\u00e9s<br \/>\n<br \/>&#8211; Coupe regular<\/p>\n","protected":false},"excerpt":{"rendered":"<p>Rejoignez le Love Club avec ce sweatshirt en coton orn\u00e9 d&#8217;une d\u00e9claration audacieuse \u00e0 l&#8217;avant. Muni d&#8217;un col rond et de manches longues, il s&#8217;adopte sans effort avec un jean droit ou un pantalon ample. &#8211; Sweatshirt en coton Femme &#8211; Inscription &#8220;Love Club&#8221; &#8211; Col rond &#8211; Manches longues &#8211; Bords c\u00f4tel\u00e9s &#8211; Coupe [&hellip;]<\/p>\n","protected":false},"featured_media":691483,"comment_status":"open","ping_status":"closed","template":"","meta":[],"product_brand":[6868],"product_cat":[1756,1762],"product_tag":[2244],"acf":[],"_links":{"self":[{"href":"https:\/\/streetmarkets.fr\/app\/wp-json\/wp\/v2\/product\/691482"}],"collection":[{"href":"https:\/\/streetmarkets.fr\/app\/wp-json\/wp\/v2\/product"}],"about":[{"href":"https:\/\/streetmarkets.fr\/app\/wp-json\/wp\/v2\/types\/product"}],"replies":[{"embeddable":true,"href":"https:\/\/streetmarkets.fr\/app\/wp-json\/wp\/v2\/comments?post=691482"}],"wp:featuredmedia":[{"embeddable":true,"href":"https:\/\/streetmarkets.fr\/app\/wp-json\/wp\/v2\/media\/691483"}],"wp:attachment":[{"href":"https:\/\/streetmarkets.fr\/app\/wp-json\/wp\/v2\/media?parent=691482"}],"wp:term":[{"taxonomy":"product_brand","embeddable":true,"href":"https:\/\/streetmarkets.fr\/app\/wp-json\/wp\/v2\/product_brand?post=691482"},{"taxonomy":"product_cat","embeddable":true,"href":"https:\/\/streetmarkets.fr\/app\/wp-json\/wp\/v2\/product_cat?post=691482"},{"taxonomy":"product_tag","embeddable":true,"href":"https:\/\/streetmarkets.fr\/app\/wp-json\/wp\/v2\/product_tag?post=691482"}],"curies":[{"name":"wp","href":"https:\/\/api.w.org\/{rel}","templated":true}]}}