{"id":691473,"date":"2024-10-14T15:40:21","date_gmt":"2024-10-14T13:40:21","guid":{"rendered":"https:\/\/streetmarkets.fr\/app\/produit\/pull-col-rond-bandes-manches-multicolore-h24-femme-gris-chine-fonce\/"},"modified":"2025-01-16T01:07:11","modified_gmt":"2025-01-16T00:07:11","slug":"pull-col-rond-bandes-manches-multicolore-h24-femme-gris-chine-fonce","status":"publish","type":"product","link":"https:\/\/streetmarkets.fr\/app\/produit\/pull-col-rond-bandes-manches-multicolore-h24-femme-gris-chine-fonce\/","title":{"rendered":"Pull Col Rond Bandes Manches Multicolore (H24 \/ FEMME \/ Gris Chin\u00e9 Fonc\u00e9)"},"content":{"rendered":"<p>Confectionn\u00e9 en cachemire, ce pull court d\u00e9voile un col rond et de bords c\u00f4tel\u00e9s pour r\u00e9chauffer votre silhouette avec style. Le d\u00e9tail audacieux ? Des bandes multicolores se dessinent le long des manches, signatures de l&#8217;allure From Future. Casual et \u00e9l\u00e9gant, il s&#8217;associe \u00e0 un pantalon large ou une jupe structur\u00e9e.<\/p>\n<p>&#8211; Pull court en cachemire certifi\u00e9 GCS\u00ae Femme<br \/>\n<br \/>&#8211; Bandes multicolores<br \/>\n<br \/>&#8211; Col rond<br \/>\n<br \/>&#8211; Manches longues<br \/>\n<br \/>&#8211; Bords c\u00f4tel\u00e9s<br \/>\n<br \/>&#8211; Coupe regular<br \/>\n<br \/>&#8211; Le Good Cashmere Standard\u00ae (GCS) est une norme ind\u00e9pendante pour un cachemire plus durable et plus responsable. Il vise \u00e0 am\u00e9liorer le bien-\u00eatre des ch\u00e8vres cachemire, les conditions de travail des \u00e9leveurs ainsi qu&#8217;\u00e0 prot\u00e9ger l&#8217;environnement.<br \/>&#8211; <u>Cachemire 4 fils<\/u> <\/p>\n","protected":false},"excerpt":{"rendered":"<p>Confectionn\u00e9 en cachemire, ce pull court d\u00e9voile un col rond et de bords c\u00f4tel\u00e9s pour r\u00e9chauffer votre silhouette avec style. Le d\u00e9tail audacieux ? Des bandes multicolores se dessinent le long des manches, signatures de l&#8217;allure From Future. Casual et \u00e9l\u00e9gant, il s&#8217;associe \u00e0 un pantalon large ou une jupe structur\u00e9e. &#8211; Pull court en [&hellip;]<\/p>\n","protected":false},"featured_media":691474,"comment_status":"open","ping_status":"closed","template":"","meta":[],"product_brand":[6868],"product_cat":[1756,1762],"product_tag":[2244],"acf":[],"_links":{"self":[{"href":"https:\/\/streetmarkets.fr\/app\/wp-json\/wp\/v2\/product\/691473"}],"collection":[{"href":"https:\/\/streetmarkets.fr\/app\/wp-json\/wp\/v2\/product"}],"about":[{"href":"https:\/\/streetmarkets.fr\/app\/wp-json\/wp\/v2\/types\/product"}],"replies":[{"embeddable":true,"href":"https:\/\/streetmarkets.fr\/app\/wp-json\/wp\/v2\/comments?post=691473"}],"wp:featuredmedia":[{"embeddable":true,"href":"https:\/\/streetmarkets.fr\/app\/wp-json\/wp\/v2\/media\/691474"}],"wp:attachment":[{"href":"https:\/\/streetmarkets.fr\/app\/wp-json\/wp\/v2\/media?parent=691473"}],"wp:term":[{"taxonomy":"product_brand","embeddable":true,"href":"https:\/\/streetmarkets.fr\/app\/wp-json\/wp\/v2\/product_brand?post=691473"},{"taxonomy":"product_cat","embeddable":true,"href":"https:\/\/streetmarkets.fr\/app\/wp-json\/wp\/v2\/product_cat?post=691473"},{"taxonomy":"product_tag","embeddable":true,"href":"https:\/\/streetmarkets.fr\/app\/wp-json\/wp\/v2\/product_tag?post=691473"}],"curies":[{"name":"wp","href":"https:\/\/api.w.org\/{rel}","templated":true}]}}