{"id":691386,"date":"2024-10-14T15:40:17","date_gmt":"2024-10-14T13:40:17","guid":{"rendered":"https:\/\/streetmarkets.fr\/app\/produit\/pantalon-flare-mesh-h24-femme-passionate-rose\/"},"modified":"2025-03-15T01:03:51","modified_gmt":"2025-03-15T00:03:51","slug":"pantalon-flare-mesh-h24-femme-passionate-rose","status":"publish","type":"product","link":"https:\/\/streetmarkets.fr\/app\/produit\/pantalon-flare-mesh-h24-femme-passionate-rose\/","title":{"rendered":"Pantalon Flare Mesh (H24 \/ FEMME \/ Passionate Rose)"},"content":{"rendered":"<p>Avec sa coupe ajust\u00e9e et son bas \u00e9vas\u00e9, ce pantalon flare et long joue avec les volumes pour \u00e9lancer votre silhouette. Muni d&#8217;une taille \u00e9lastiqu\u00e9e, il se pare d&#8217;un imprim\u00e9 fleuri, insufflant une allure empreinte de caract\u00e8re et d&#8217;audace. \u00c0 porter comme une seconde peau, osez le total look chic et casual avec le top coordonn\u00e9. <\/p>\n<p>&#8211; Pantalon flare long Femme<br \/>\n<br \/>&#8211; Imprim\u00e9 fleuri<br \/>\n<br \/>&#8211; Taille \u00e9lastiqu\u00e9e<br \/>\n<br \/>&#8211; Bas \u00e9vas\u00e9<br \/>\n<br \/>&#8211; Coupe slim<\/p>\n","protected":false},"excerpt":{"rendered":"<p>Avec sa coupe ajust\u00e9e et son bas \u00e9vas\u00e9, ce pantalon flare et long joue avec les volumes pour \u00e9lancer votre silhouette. Muni d&#8217;une taille \u00e9lastiqu\u00e9e, il se pare d&#8217;un imprim\u00e9 fleuri, insufflant une allure empreinte de caract\u00e8re et d&#8217;audace. \u00c0 porter comme une seconde peau, osez le total look chic et casual avec le top [&hellip;]<\/p>\n","protected":false},"featured_media":691387,"comment_status":"open","ping_status":"closed","template":"","meta":[],"product_brand":[6868],"product_cat":[1756,1762],"product_tag":[2244],"acf":[],"_links":{"self":[{"href":"https:\/\/streetmarkets.fr\/app\/wp-json\/wp\/v2\/product\/691386"}],"collection":[{"href":"https:\/\/streetmarkets.fr\/app\/wp-json\/wp\/v2\/product"}],"about":[{"href":"https:\/\/streetmarkets.fr\/app\/wp-json\/wp\/v2\/types\/product"}],"replies":[{"embeddable":true,"href":"https:\/\/streetmarkets.fr\/app\/wp-json\/wp\/v2\/comments?post=691386"}],"wp:featuredmedia":[{"embeddable":true,"href":"https:\/\/streetmarkets.fr\/app\/wp-json\/wp\/v2\/media\/691387"}],"wp:attachment":[{"href":"https:\/\/streetmarkets.fr\/app\/wp-json\/wp\/v2\/media?parent=691386"}],"wp:term":[{"taxonomy":"product_brand","embeddable":true,"href":"https:\/\/streetmarkets.fr\/app\/wp-json\/wp\/v2\/product_brand?post=691386"},{"taxonomy":"product_cat","embeddable":true,"href":"https:\/\/streetmarkets.fr\/app\/wp-json\/wp\/v2\/product_cat?post=691386"},{"taxonomy":"product_tag","embeddable":true,"href":"https:\/\/streetmarkets.fr\/app\/wp-json\/wp\/v2\/product_tag?post=691386"}],"curies":[{"name":"wp","href":"https:\/\/api.w.org\/{rel}","templated":true}]}}