{"id":691334,"date":"2024-10-14T15:40:14","date_gmt":"2024-10-14T13:40:14","guid":{"rendered":"https:\/\/streetmarkets.fr\/app\/produit\/outerwear-manteau-peignoir-h24-femme-mountain-green\/"},"modified":"2025-03-05T00:58:56","modified_gmt":"2025-03-04T23:58:56","slug":"outerwear-manteau-peignoir-h24-femme-mountain-green","status":"publish","type":"product","link":"https:\/\/streetmarkets.fr\/app\/produit\/outerwear-manteau-peignoir-h24-femme-mountain-green\/","title":{"rendered":"Outerwear Manteau Peignoir (H24 \/ FEMME \/ Mountain Green)"},"content":{"rendered":"<p>Ce manteau long, confectionn\u00e9 en laine certifi\u00e9e RWS (Responsable Wool Standard), s&#8217;impose comme la pi\u00e8ce ma\u00eetresse de la saison. Muni d&#8217;un col tailleur et de deux poches lat\u00e9rales, il se pare d&#8217;une ceinture amovible, \u00e0 nouer selon vos envies pour cr\u00e9er un jeu de volumes.<\/p>\n<p>&#8211; Manteau long en laine Femme<br \/>\n<br \/>&#8211; Col tailleur<br \/>\n<br \/>&#8211; Ceinture amovible<br \/>\n<br \/>&#8211; 2 poches lat\u00e9rales<br \/>\n<br \/>&#8211; Manches longues<br \/>\n<br \/>&#8211; Coupe regular<\/p>\n","protected":false},"excerpt":{"rendered":"<p>Ce manteau long, confectionn\u00e9 en laine certifi\u00e9e RWS (Responsable Wool Standard), s&#8217;impose comme la pi\u00e8ce ma\u00eetresse de la saison. Muni d&#8217;un col tailleur et de deux poches lat\u00e9rales, il se pare d&#8217;une ceinture amovible, \u00e0 nouer selon vos envies pour cr\u00e9er un jeu de volumes. &#8211; Manteau long en laine Femme &#8211; Col tailleur &#8211; [&hellip;]<\/p>\n","protected":false},"featured_media":691335,"comment_status":"open","ping_status":"closed","template":"","meta":[],"product_brand":[6868],"product_cat":[1756,1762],"product_tag":[2244],"acf":[],"_links":{"self":[{"href":"https:\/\/streetmarkets.fr\/app\/wp-json\/wp\/v2\/product\/691334"}],"collection":[{"href":"https:\/\/streetmarkets.fr\/app\/wp-json\/wp\/v2\/product"}],"about":[{"href":"https:\/\/streetmarkets.fr\/app\/wp-json\/wp\/v2\/types\/product"}],"replies":[{"embeddable":true,"href":"https:\/\/streetmarkets.fr\/app\/wp-json\/wp\/v2\/comments?post=691334"}],"wp:featuredmedia":[{"embeddable":true,"href":"https:\/\/streetmarkets.fr\/app\/wp-json\/wp\/v2\/media\/691335"}],"wp:attachment":[{"href":"https:\/\/streetmarkets.fr\/app\/wp-json\/wp\/v2\/media?parent=691334"}],"wp:term":[{"taxonomy":"product_brand","embeddable":true,"href":"https:\/\/streetmarkets.fr\/app\/wp-json\/wp\/v2\/product_brand?post=691334"},{"taxonomy":"product_cat","embeddable":true,"href":"https:\/\/streetmarkets.fr\/app\/wp-json\/wp\/v2\/product_cat?post=691334"},{"taxonomy":"product_tag","embeddable":true,"href":"https:\/\/streetmarkets.fr\/app\/wp-json\/wp\/v2\/product_tag?post=691334"}],"curies":[{"name":"wp","href":"https:\/\/api.w.org\/{rel}","templated":true}]}}