{"id":691279,"date":"2024-10-14T15:40:11","date_gmt":"2024-10-14T13:40:11","guid":{"rendered":"https:\/\/streetmarkets.fr\/app\/produit\/outerwear-veste-bombers-satin-h24-femme-noir\/"},"modified":"2025-02-25T01:04:06","modified_gmt":"2025-02-25T00:04:06","slug":"outerwear-veste-bombers-satin-h24-femme-noir","status":"publish","type":"product","link":"https:\/\/streetmarkets.fr\/app\/produit\/outerwear-veste-bombers-satin-h24-femme-noir\/","title":{"rendered":"Outerwear Veste Bombers Satin (H24 \/ FEMME \/ Noir)"},"content":{"rendered":"<p>Jouez la carte de l&#8217;audace avec cette veste bomber zipp\u00e9e en satin, orn\u00e9e d&#8217;une signature &#8220;From Future&#8221; sur la poitrine. Muni de bords c\u00f4tel\u00e9s, elle affiche deux poches lat\u00e9rales et trois poches \u00e0 rabat, \u00e0 liens de serrage, sur les manches longues pour une allure structur\u00e9e.<\/p>\n<p>&#8211; Veste bomber en satin Femme<br \/>\n<br \/>&#8211; Fermeture zipp\u00e9e<br \/>\n<br \/>&#8211; Logo &#8220;From Future&#8221;<br \/>\n<br \/>&#8211; 2 poches lat\u00e9rales \u00e0 rabat<br \/>\n<br \/>&#8211; 3 poches \u00e0 rabat et liens de serrage<br \/>\n<br \/>&#8211; Manches longues<br \/>\n<br \/>&#8211; Bords c\u00f4tel\u00e9s<br \/>\n<br \/>&#8211; Coupe regular<\/p>\n","protected":false},"excerpt":{"rendered":"<p>Jouez la carte de l&#8217;audace avec cette veste bomber zipp\u00e9e en satin, orn\u00e9e d&#8217;une signature &#8220;From Future&#8221; sur la poitrine. Muni de bords c\u00f4tel\u00e9s, elle affiche deux poches lat\u00e9rales et trois poches \u00e0 rabat, \u00e0 liens de serrage, sur les manches longues pour une allure structur\u00e9e. &#8211; Veste bomber en satin Femme &#8211; Fermeture zipp\u00e9e [&hellip;]<\/p>\n","protected":false},"featured_media":691280,"comment_status":"open","ping_status":"closed","template":"","meta":[],"product_brand":[6868],"product_cat":[1756,1762],"product_tag":[2244],"acf":[],"_links":{"self":[{"href":"https:\/\/streetmarkets.fr\/app\/wp-json\/wp\/v2\/product\/691279"}],"collection":[{"href":"https:\/\/streetmarkets.fr\/app\/wp-json\/wp\/v2\/product"}],"about":[{"href":"https:\/\/streetmarkets.fr\/app\/wp-json\/wp\/v2\/types\/product"}],"replies":[{"embeddable":true,"href":"https:\/\/streetmarkets.fr\/app\/wp-json\/wp\/v2\/comments?post=691279"}],"wp:featuredmedia":[{"embeddable":true,"href":"https:\/\/streetmarkets.fr\/app\/wp-json\/wp\/v2\/media\/691280"}],"wp:attachment":[{"href":"https:\/\/streetmarkets.fr\/app\/wp-json\/wp\/v2\/media?parent=691279"}],"wp:term":[{"taxonomy":"product_brand","embeddable":true,"href":"https:\/\/streetmarkets.fr\/app\/wp-json\/wp\/v2\/product_brand?post=691279"},{"taxonomy":"product_cat","embeddable":true,"href":"https:\/\/streetmarkets.fr\/app\/wp-json\/wp\/v2\/product_cat?post=691279"},{"taxonomy":"product_tag","embeddable":true,"href":"https:\/\/streetmarkets.fr\/app\/wp-json\/wp\/v2\/product_tag?post=691279"}],"curies":[{"name":"wp","href":"https:\/\/api.w.org\/{rel}","templated":true}]}}