{"id":691251,"date":"2024-10-14T15:40:10","date_gmt":"2024-10-14T13:40:10","guid":{"rendered":"https:\/\/streetmarkets.fr\/app\/produit\/pull-col-montant-basique-leger-h24-homme-intense-purple\/"},"modified":"2025-02-01T01:07:50","modified_gmt":"2025-02-01T00:07:50","slug":"pull-col-montant-basique-leger-h24-homme-intense-purple","status":"publish","type":"product","link":"https:\/\/streetmarkets.fr\/app\/produit\/pull-col-montant-basique-leger-h24-homme-intense-purple\/","title":{"rendered":"Pull Col Montant Basique L\u00e9ger (H24 \/ HOMME \/ Intense Purple)"},"content":{"rendered":"<p>Une maille l\u00e9g\u00e8re et infiniment douce pour ce pull confectionn\u00e9 en cachemire 2 fils. Muni d&#8217;un col montant, de manches longues et de bords c\u00f4tel\u00e9s, il conf\u00e8re une silhouette structur\u00e9e et sophistiqu\u00e9e. Adoptez un look chic et casual en l&#8217;associant \u00e0 un pantalon droit et une veste.<\/p>\n<p>&#8211; Pull en cachemire l\u00e9ger 2 fils certifi\u00e9 GCS\u00ae Homme<br \/>\n<br \/>&#8211; Col montant<br \/>\n<br \/>&#8211; Manches longues<br \/>\n<br \/>&#8211; Bords c\u00f4tel\u00e9s<br \/>\n<br \/>&#8211; Coupe regular<br \/>\n<br \/>&#8211; Le Good Cashmere Standard\u00ae (GCS) est une norme ind\u00e9pendante pour un cachemire plus durable et plus responsable. Il vise \u00e0 am\u00e9liorer le bien-\u00eatre des ch\u00e8vres cachemire, les conditions de travail des \u00e9leveurs ainsi qu&#8217;\u00e0 prot\u00e9ger l&#8217;environnement.<\/p>\n","protected":false},"excerpt":{"rendered":"<p>Une maille l\u00e9g\u00e8re et infiniment douce pour ce pull confectionn\u00e9 en cachemire 2 fils. Muni d&#8217;un col montant, de manches longues et de bords c\u00f4tel\u00e9s, il conf\u00e8re une silhouette structur\u00e9e et sophistiqu\u00e9e. Adoptez un look chic et casual en l&#8217;associant \u00e0 un pantalon droit et une veste. &#8211; Pull en cachemire l\u00e9ger 2 fils certifi\u00e9 [&hellip;]<\/p>\n","protected":false},"featured_media":691252,"comment_status":"open","ping_status":"closed","template":"","meta":[],"product_brand":[6868],"product_cat":[1756,1758],"product_tag":[2244],"acf":[],"_links":{"self":[{"href":"https:\/\/streetmarkets.fr\/app\/wp-json\/wp\/v2\/product\/691251"}],"collection":[{"href":"https:\/\/streetmarkets.fr\/app\/wp-json\/wp\/v2\/product"}],"about":[{"href":"https:\/\/streetmarkets.fr\/app\/wp-json\/wp\/v2\/types\/product"}],"replies":[{"embeddable":true,"href":"https:\/\/streetmarkets.fr\/app\/wp-json\/wp\/v2\/comments?post=691251"}],"wp:featuredmedia":[{"embeddable":true,"href":"https:\/\/streetmarkets.fr\/app\/wp-json\/wp\/v2\/media\/691252"}],"wp:attachment":[{"href":"https:\/\/streetmarkets.fr\/app\/wp-json\/wp\/v2\/media?parent=691251"}],"wp:term":[{"taxonomy":"product_brand","embeddable":true,"href":"https:\/\/streetmarkets.fr\/app\/wp-json\/wp\/v2\/product_brand?post=691251"},{"taxonomy":"product_cat","embeddable":true,"href":"https:\/\/streetmarkets.fr\/app\/wp-json\/wp\/v2\/product_cat?post=691251"},{"taxonomy":"product_tag","embeddable":true,"href":"https:\/\/streetmarkets.fr\/app\/wp-json\/wp\/v2\/product_tag?post=691251"}],"curies":[{"name":"wp","href":"https:\/\/api.w.org\/{rel}","templated":true}]}}