{"id":691238,"date":"2024-10-14T15:40:09","date_gmt":"2024-10-14T13:40:09","guid":{"rendered":"https:\/\/streetmarkets.fr\/app\/produit\/outerwear-veste-h24-homme-anthracite\/"},"modified":"2025-02-25T01:04:06","modified_gmt":"2025-02-25T00:04:06","slug":"outerwear-veste-h24-homme-anthracite","status":"publish","type":"product","link":"https:\/\/streetmarkets.fr\/app\/produit\/outerwear-veste-h24-homme-anthracite\/","title":{"rendered":"Outerwear Veste (H24 \/ HOMME \/ Anthracite)"},"content":{"rendered":"<p>Coupe impeccable et lignes affirm\u00e9es, ce blouson zipp\u00e9 conf\u00e8re une silhouette \u00e9l\u00e9gante et structur\u00e9e. \u00c0 la fois chic et casual, il d\u00e9voile un col chemise et deux poches plaqu\u00e9es \u00e0 rabat. Il s&#8217;associe \u00e0 un pantalon droit pour un look structur\u00e9 ou \u00e0 un jean pour une tenue plus d\u00e9contract\u00e9e.<\/p>\n<p>&#8211; Blouson Homme<br \/>\n<br \/>&#8211; Col chemise<br \/>\n<br \/>&#8211; Fermeture zipp\u00e9e<br \/>\n<br \/>&#8211; 2 poches plaqu\u00e9es \u00e0 rabat<br \/>\n<br \/>&#8211; Manches longues<br \/>\n<br \/>&#8211; Coupe regular<\/p>\n","protected":false},"excerpt":{"rendered":"<p>Coupe impeccable et lignes affirm\u00e9es, ce blouson zipp\u00e9 conf\u00e8re une silhouette \u00e9l\u00e9gante et structur\u00e9e. \u00c0 la fois chic et casual, il d\u00e9voile un col chemise et deux poches plaqu\u00e9es \u00e0 rabat. Il s&#8217;associe \u00e0 un pantalon droit pour un look structur\u00e9 ou \u00e0 un jean pour une tenue plus d\u00e9contract\u00e9e. &#8211; Blouson Homme &#8211; Col [&hellip;]<\/p>\n","protected":false},"featured_media":691239,"comment_status":"open","ping_status":"closed","template":"","meta":[],"product_brand":[6868],"product_cat":[1756,1758],"product_tag":[2244],"acf":[],"_links":{"self":[{"href":"https:\/\/streetmarkets.fr\/app\/wp-json\/wp\/v2\/product\/691238"}],"collection":[{"href":"https:\/\/streetmarkets.fr\/app\/wp-json\/wp\/v2\/product"}],"about":[{"href":"https:\/\/streetmarkets.fr\/app\/wp-json\/wp\/v2\/types\/product"}],"replies":[{"embeddable":true,"href":"https:\/\/streetmarkets.fr\/app\/wp-json\/wp\/v2\/comments?post=691238"}],"wp:featuredmedia":[{"embeddable":true,"href":"https:\/\/streetmarkets.fr\/app\/wp-json\/wp\/v2\/media\/691239"}],"wp:attachment":[{"href":"https:\/\/streetmarkets.fr\/app\/wp-json\/wp\/v2\/media?parent=691238"}],"wp:term":[{"taxonomy":"product_brand","embeddable":true,"href":"https:\/\/streetmarkets.fr\/app\/wp-json\/wp\/v2\/product_brand?post=691238"},{"taxonomy":"product_cat","embeddable":true,"href":"https:\/\/streetmarkets.fr\/app\/wp-json\/wp\/v2\/product_cat?post=691238"},{"taxonomy":"product_tag","embeddable":true,"href":"https:\/\/streetmarkets.fr\/app\/wp-json\/wp\/v2\/product_tag?post=691238"}],"curies":[{"name":"wp","href":"https:\/\/api.w.org\/{rel}","templated":true}]}}