{"id":691228,"date":"2024-10-14T15:40:08","date_gmt":"2024-10-14T13:40:08","guid":{"rendered":"https:\/\/streetmarkets.fr\/app\/produit\/gants-regular-basique-h24-accessoires-navy\/"},"modified":"2025-03-03T01:05:57","modified_gmt":"2025-03-03T00:05:57","slug":"gants-regular-basique-h24-accessoires-navy","status":"publish","type":"product","link":"https:\/\/streetmarkets.fr\/app\/produit\/gants-regular-basique-h24-accessoires-navy\/","title":{"rendered":"Gants Regular Basique (H24 \/ ACCESSOIRES \/ Navy)"},"content":{"rendered":"<p>Confectionn\u00e9s en cachemire, ces gants c\u00f4tel\u00e9s r\u00e9chauffent vos silhouettes de saison en douceur. Ajust\u00e9s aux poignets, ils se d\u00e9clinent dans un colorama in\u00e9dit pour apporter une touche d&#8217;\u00e9clat \u00e0 votre allure.<\/p>\n<p>&#8211; Gants en cachemire certifi\u00e9 GCS\u00ae<br \/>\n<br \/>&#8211; C\u00f4tel\u00e9s<br \/>\n<br \/>&#8211; Ajust\u00e9s aux poignets<br \/>\n<br \/>&#8211; Taille unique<br \/>\n<br \/>&#8211; Le Good Cashmere Standard\u00ae (GCS) est une norme ind\u00e9pendante pour un cachemire plus durable et plus responsable. Il vise \u00e0 am\u00e9liorer le bien-\u00eatre des ch\u00e8vres cachemire, les conditions de travail des \u00e9leveurs ainsi qu&#8217;\u00e0 prot\u00e9ger l&#8217;environnement.<\/p>\n","protected":false},"excerpt":{"rendered":"<p>Confectionn\u00e9s en cachemire, ces gants c\u00f4tel\u00e9s r\u00e9chauffent vos silhouettes de saison en douceur. Ajust\u00e9s aux poignets, ils se d\u00e9clinent dans un colorama in\u00e9dit pour apporter une touche d&#8217;\u00e9clat \u00e0 votre allure. &#8211; Gants en cachemire certifi\u00e9 GCS\u00ae &#8211; C\u00f4tel\u00e9s &#8211; Ajust\u00e9s aux poignets &#8211; Taille unique &#8211; Le Good Cashmere Standard\u00ae (GCS) est une norme [&hellip;]<\/p>\n","protected":false},"featured_media":691229,"comment_status":"open","ping_status":"closed","template":"","meta":[],"product_brand":[6868],"product_cat":[1756,1764],"product_tag":[2244],"acf":[],"_links":{"self":[{"href":"https:\/\/streetmarkets.fr\/app\/wp-json\/wp\/v2\/product\/691228"}],"collection":[{"href":"https:\/\/streetmarkets.fr\/app\/wp-json\/wp\/v2\/product"}],"about":[{"href":"https:\/\/streetmarkets.fr\/app\/wp-json\/wp\/v2\/types\/product"}],"replies":[{"embeddable":true,"href":"https:\/\/streetmarkets.fr\/app\/wp-json\/wp\/v2\/comments?post=691228"}],"wp:featuredmedia":[{"embeddable":true,"href":"https:\/\/streetmarkets.fr\/app\/wp-json\/wp\/v2\/media\/691229"}],"wp:attachment":[{"href":"https:\/\/streetmarkets.fr\/app\/wp-json\/wp\/v2\/media?parent=691228"}],"wp:term":[{"taxonomy":"product_brand","embeddable":true,"href":"https:\/\/streetmarkets.fr\/app\/wp-json\/wp\/v2\/product_brand?post=691228"},{"taxonomy":"product_cat","embeddable":true,"href":"https:\/\/streetmarkets.fr\/app\/wp-json\/wp\/v2\/product_cat?post=691228"},{"taxonomy":"product_tag","embeddable":true,"href":"https:\/\/streetmarkets.fr\/app\/wp-json\/wp\/v2\/product_tag?post=691228"}],"curies":[{"name":"wp","href":"https:\/\/api.w.org\/{rel}","templated":true}]}}