{"id":691214,"date":"2024-10-14T15:40:08","date_gmt":"2024-10-14T13:40:08","guid":{"rendered":"https:\/\/streetmarkets.fr\/app\/produit\/bonnet-a-revers-a-petites-cotes-h24-accessoires-beige-chine\/"},"modified":"2025-02-24T01:05:34","modified_gmt":"2025-02-24T00:05:34","slug":"bonnet-a-revers-a-petites-cotes-h24-accessoires-beige-chine","status":"publish","type":"product","link":"https:\/\/streetmarkets.fr\/app\/produit\/bonnet-a-revers-a-petites-cotes-h24-accessoires-beige-chine\/","title":{"rendered":"Bonnet \u00e0 Revers \u00e0 Petites Cotes (H24 \/ ACCESSOIRES \/ Beige Chin\u00e9)"},"content":{"rendered":"<p>Confectionn\u00e9 en cachemire, ce bonnet \u00e0 revers et petites c\u00f4tes allie douceur et confort pour r\u00e9chauffer votre allure avec une touche d&#8217;\u00e9clat. D\u00e9clin\u00e9 dans un colorama in\u00e9dit, il compl\u00e8tera vos tenues casual comme plus sophistiqu\u00e9es.<\/p>\n<p>&#8211; Bonnet en cachemire certifi\u00e9 GCS\u00ae Femme<br \/>\n<br \/>&#8211; \u00c0 revers<br \/>\n<br \/>&#8211; Petites c\u00f4tes<br \/>\n<br \/>&#8211; Taille unique<br \/>\n<br \/>&#8211; Le Good Cashmere Standard\u00ae (GCS) est une norme ind\u00e9pendante pour un cachemire plus durable et plus responsable. Il vise \u00e0 am\u00e9liorer le bien-\u00eatre des ch\u00e8vres cachemire, les conditions de travail des \u00e9leveurs ainsi qu&#8217;\u00e0 prot\u00e9ger l&#8217;environnement.<br \/>&#8211; <u>Cachemire 6 fils<\/u> <\/p>\n","protected":false},"excerpt":{"rendered":"<p>Confectionn\u00e9 en cachemire, ce bonnet \u00e0 revers et petites c\u00f4tes allie douceur et confort pour r\u00e9chauffer votre allure avec une touche d&#8217;\u00e9clat. D\u00e9clin\u00e9 dans un colorama in\u00e9dit, il compl\u00e8tera vos tenues casual comme plus sophistiqu\u00e9es. &#8211; Bonnet en cachemire certifi\u00e9 GCS\u00ae Femme &#8211; \u00c0 revers &#8211; Petites c\u00f4tes &#8211; Taille unique &#8211; Le Good Cashmere [&hellip;]<\/p>\n","protected":false},"featured_media":691215,"comment_status":"open","ping_status":"closed","template":"","meta":[],"product_brand":[6868],"product_cat":[1756,1764],"product_tag":[2244],"acf":[],"_links":{"self":[{"href":"https:\/\/streetmarkets.fr\/app\/wp-json\/wp\/v2\/product\/691214"}],"collection":[{"href":"https:\/\/streetmarkets.fr\/app\/wp-json\/wp\/v2\/product"}],"about":[{"href":"https:\/\/streetmarkets.fr\/app\/wp-json\/wp\/v2\/types\/product"}],"replies":[{"embeddable":true,"href":"https:\/\/streetmarkets.fr\/app\/wp-json\/wp\/v2\/comments?post=691214"}],"wp:featuredmedia":[{"embeddable":true,"href":"https:\/\/streetmarkets.fr\/app\/wp-json\/wp\/v2\/media\/691215"}],"wp:attachment":[{"href":"https:\/\/streetmarkets.fr\/app\/wp-json\/wp\/v2\/media?parent=691214"}],"wp:term":[{"taxonomy":"product_brand","embeddable":true,"href":"https:\/\/streetmarkets.fr\/app\/wp-json\/wp\/v2\/product_brand?post=691214"},{"taxonomy":"product_cat","embeddable":true,"href":"https:\/\/streetmarkets.fr\/app\/wp-json\/wp\/v2\/product_cat?post=691214"},{"taxonomy":"product_tag","embeddable":true,"href":"https:\/\/streetmarkets.fr\/app\/wp-json\/wp\/v2\/product_tag?post=691214"}],"curies":[{"name":"wp","href":"https:\/\/api.w.org\/{rel}","templated":true}]}}