{"id":691131,"date":"2024-10-14T15:39:37","date_gmt":"2024-10-14T13:39:37","guid":{"rendered":"https:\/\/streetmarkets.fr\/app\/produit\/robe-courte-manche-longue-h24-femme-noir\/"},"modified":"2025-02-02T01:12:42","modified_gmt":"2025-02-02T00:12:42","slug":"robe-courte-manche-longue-h24-femme-noir","status":"publish","type":"product","link":"https:\/\/streetmarkets.fr\/app\/produit\/robe-courte-manche-longue-h24-femme-noir\/","title":{"rendered":"Robe Courte Manche Longue (H24 \/ FEMME \/ Noir)"},"content":{"rendered":"<p>Pi\u00e8ce indispensable de la saison, cette robe courte et oversize adopte une maille douce confectionn\u00e9e en cachemire. Munie de manches longues et de bords c\u00f4tel\u00e9s, elle d\u00e9voile un col camionneur, \u00e0 porter ferm\u00e9 pour un look \u00e9l\u00e9gant ou ouvert pour une allure plus d\u00e9contract\u00e9e.<\/p>\n<p>&#8211; Robe courte en cachemire certifi\u00e9 GCS\u00ae Femme<br \/>\n<br \/>&#8211; Col camionneur<br \/>\n<br \/>&#8211; Manches longues<br \/>\n<br \/>&#8211; Bords c\u00f4tel\u00e9s<br \/>\n<br \/>&#8211; Coupe oversize<br \/>\n<br \/>&#8211; Le Good Cashmere Standard\u00ae (GCS) est une norme ind\u00e9pendante pour un cachemire plus durable et plus responsable. Il vise \u00e0 am\u00e9liorer le bien-\u00eatre des ch\u00e8vres cachemire, les conditions de travail des \u00e9leveurs ainsi qu&#8217;\u00e0 prot\u00e9ger l&#8217;environnement.<br \/>&#8211; <u>Cachemire 6 fils<\/u> <\/p>\n","protected":false},"excerpt":{"rendered":"<p>Pi\u00e8ce indispensable de la saison, cette robe courte et oversize adopte une maille douce confectionn\u00e9e en cachemire. Munie de manches longues et de bords c\u00f4tel\u00e9s, elle d\u00e9voile un col camionneur, \u00e0 porter ferm\u00e9 pour un look \u00e9l\u00e9gant ou ouvert pour une allure plus d\u00e9contract\u00e9e. &#8211; Robe courte en cachemire certifi\u00e9 GCS\u00ae Femme &#8211; Col camionneur [&hellip;]<\/p>\n","protected":false},"featured_media":691132,"comment_status":"open","ping_status":"closed","template":"","meta":[],"product_brand":[6868],"product_cat":[1756,1762],"product_tag":[2244],"acf":[],"_links":{"self":[{"href":"https:\/\/streetmarkets.fr\/app\/wp-json\/wp\/v2\/product\/691131"}],"collection":[{"href":"https:\/\/streetmarkets.fr\/app\/wp-json\/wp\/v2\/product"}],"about":[{"href":"https:\/\/streetmarkets.fr\/app\/wp-json\/wp\/v2\/types\/product"}],"replies":[{"embeddable":true,"href":"https:\/\/streetmarkets.fr\/app\/wp-json\/wp\/v2\/comments?post=691131"}],"wp:featuredmedia":[{"embeddable":true,"href":"https:\/\/streetmarkets.fr\/app\/wp-json\/wp\/v2\/media\/691132"}],"wp:attachment":[{"href":"https:\/\/streetmarkets.fr\/app\/wp-json\/wp\/v2\/media?parent=691131"}],"wp:term":[{"taxonomy":"product_brand","embeddable":true,"href":"https:\/\/streetmarkets.fr\/app\/wp-json\/wp\/v2\/product_brand?post=691131"},{"taxonomy":"product_cat","embeddable":true,"href":"https:\/\/streetmarkets.fr\/app\/wp-json\/wp\/v2\/product_cat?post=691131"},{"taxonomy":"product_tag","embeddable":true,"href":"https:\/\/streetmarkets.fr\/app\/wp-json\/wp\/v2\/product_tag?post=691131"}],"curies":[{"name":"wp","href":"https:\/\/api.w.org\/{rel}","templated":true}]}}