{"id":691103,"date":"2024-10-14T15:39:35","date_gmt":"2024-10-14T13:39:35","guid":{"rendered":"https:\/\/streetmarkets.fr\/app\/produit\/pull-hoodie-zippe-basique-h24-homme-noir\/"},"modified":"2025-03-05T00:58:55","modified_gmt":"2025-03-04T23:58:55","slug":"pull-hoodie-zippe-basique-h24-homme-noir","status":"publish","type":"product","link":"https:\/\/streetmarkets.fr\/app\/produit\/pull-hoodie-zippe-basique-h24-homme-noir\/","title":{"rendered":"Pull Hoodie Zipp\u00e9 Basique (H24 \/ HOMME \/ Noir)"},"content":{"rendered":"<p>Confectionn\u00e9 en cachemire 2 fils, ce pull hoodie zipp\u00e9 allie style et confort pour accompagner tous vos looks. Muni de manches longues, d&#8217;une capuche \u00e0 cordons et d&#8217;une poche avant, il se mixe \u00e0 votre denim pr\u00e9f\u00e9r\u00e9. <\/p>\n<p>&#8211; Pull hoodie en cachemire 2 fils Homme<br \/>\n<br \/>&#8211; Fermeture zipp\u00e9e<br \/>\n<br \/>&#8211; Manches longues<br \/>\n<br \/>&#8211; Capuche \u00e0 cordons<br \/>\n<br \/>&#8211; Poches avant<br \/>\n<br \/>&#8211; Coupe regular<\/p>\n","protected":false},"excerpt":{"rendered":"<p>Confectionn\u00e9 en cachemire 2 fils, ce pull hoodie zipp\u00e9 allie style et confort pour accompagner tous vos looks. Muni de manches longues, d&#8217;une capuche \u00e0 cordons et d&#8217;une poche avant, il se mixe \u00e0 votre denim pr\u00e9f\u00e9r\u00e9. &#8211; Pull hoodie en cachemire 2 fils Homme &#8211; Fermeture zipp\u00e9e &#8211; Manches longues &#8211; Capuche \u00e0 cordons [&hellip;]<\/p>\n","protected":false},"featured_media":691104,"comment_status":"open","ping_status":"closed","template":"","meta":[],"product_brand":[6868],"product_cat":[1756,1758],"product_tag":[2244],"acf":[],"_links":{"self":[{"href":"https:\/\/streetmarkets.fr\/app\/wp-json\/wp\/v2\/product\/691103"}],"collection":[{"href":"https:\/\/streetmarkets.fr\/app\/wp-json\/wp\/v2\/product"}],"about":[{"href":"https:\/\/streetmarkets.fr\/app\/wp-json\/wp\/v2\/types\/product"}],"replies":[{"embeddable":true,"href":"https:\/\/streetmarkets.fr\/app\/wp-json\/wp\/v2\/comments?post=691103"}],"wp:featuredmedia":[{"embeddable":true,"href":"https:\/\/streetmarkets.fr\/app\/wp-json\/wp\/v2\/media\/691104"}],"wp:attachment":[{"href":"https:\/\/streetmarkets.fr\/app\/wp-json\/wp\/v2\/media?parent=691103"}],"wp:term":[{"taxonomy":"product_brand","embeddable":true,"href":"https:\/\/streetmarkets.fr\/app\/wp-json\/wp\/v2\/product_brand?post=691103"},{"taxonomy":"product_cat","embeddable":true,"href":"https:\/\/streetmarkets.fr\/app\/wp-json\/wp\/v2\/product_cat?post=691103"},{"taxonomy":"product_tag","embeddable":true,"href":"https:\/\/streetmarkets.fr\/app\/wp-json\/wp\/v2\/product_tag?post=691103"}],"curies":[{"name":"wp","href":"https:\/\/api.w.org\/{rel}","templated":true}]}}