{"id":691068,"date":"2024-10-14T15:39:33","date_gmt":"2024-10-14T13:39:33","guid":{"rendered":"https:\/\/streetmarkets.fr\/app\/produit\/cagoule-regular-a-cotes-h24-accessoires-noir\/"},"modified":"2025-02-28T01:06:06","modified_gmt":"2025-02-28T00:06:06","slug":"cagoule-regular-a-cotes-h24-accessoires-noir","status":"publish","type":"product","link":"https:\/\/streetmarkets.fr\/app\/produit\/cagoule-regular-a-cotes-h24-accessoires-noir\/","title":{"rendered":"Cagoule Regular \u00e0 Cotes (H24 \/ ACCESSOIRES \/ Noir)"},"content":{"rendered":"<p>Enveloppez-vous de douceur avec cette cagoule c\u00f4tel\u00e9e confectionn\u00e9e en cachemire. Dot\u00e9e de liens de serrage pour un ajustement parfait, elle r\u00e9chauffe votre silhouette avec une touche d&#8217;\u00e9l\u00e9gance \u00e0 vos looks de saison.<\/p>\n<p>&#8211; Cagoule en cachemire certifi\u00e9 GCS\u00ae <br \/>&#8211; C\u00f4tel\u00e9 <br \/>&#8211; Liens de serrage <br \/>&#8211; Coupe regular <br \/>&#8211; Le Good Cashmere Standard\u00ae (GCS) est une norme ind\u00e9pendante pour un cachemire plus durable et plus responsable. Il vise \u00e0 am\u00e9liorer le bien-\u00eatre des ch\u00e8vres cachemire, les conditions de travail des \u00e9leveurs ainsi qu&#8217;\u00e0 prot\u00e9ger l&#8217;environnement.<\/p>\n","protected":false},"excerpt":{"rendered":"<p>Enveloppez-vous de douceur avec cette cagoule c\u00f4tel\u00e9e confectionn\u00e9e en cachemire. Dot\u00e9e de liens de serrage pour un ajustement parfait, elle r\u00e9chauffe votre silhouette avec une touche d&#8217;\u00e9l\u00e9gance \u00e0 vos looks de saison. &#8211; Cagoule en cachemire certifi\u00e9 GCS\u00ae &#8211; C\u00f4tel\u00e9 &#8211; Liens de serrage &#8211; Coupe regular &#8211; Le Good Cashmere Standard\u00ae (GCS) est une [&hellip;]<\/p>\n","protected":false},"featured_media":691069,"comment_status":"open","ping_status":"closed","template":"","meta":[],"product_brand":[6868],"product_cat":[1756,1760],"product_tag":[2244],"acf":[],"_links":{"self":[{"href":"https:\/\/streetmarkets.fr\/app\/wp-json\/wp\/v2\/product\/691068"}],"collection":[{"href":"https:\/\/streetmarkets.fr\/app\/wp-json\/wp\/v2\/product"}],"about":[{"href":"https:\/\/streetmarkets.fr\/app\/wp-json\/wp\/v2\/types\/product"}],"replies":[{"embeddable":true,"href":"https:\/\/streetmarkets.fr\/app\/wp-json\/wp\/v2\/comments?post=691068"}],"wp:featuredmedia":[{"embeddable":true,"href":"https:\/\/streetmarkets.fr\/app\/wp-json\/wp\/v2\/media\/691069"}],"wp:attachment":[{"href":"https:\/\/streetmarkets.fr\/app\/wp-json\/wp\/v2\/media?parent=691068"}],"wp:term":[{"taxonomy":"product_brand","embeddable":true,"href":"https:\/\/streetmarkets.fr\/app\/wp-json\/wp\/v2\/product_brand?post=691068"},{"taxonomy":"product_cat","embeddable":true,"href":"https:\/\/streetmarkets.fr\/app\/wp-json\/wp\/v2\/product_cat?post=691068"},{"taxonomy":"product_tag","embeddable":true,"href":"https:\/\/streetmarkets.fr\/app\/wp-json\/wp\/v2\/product_tag?post=691068"}],"curies":[{"name":"wp","href":"https:\/\/api.w.org\/{rel}","templated":true}]}}