{"id":691056,"date":"2024-10-14T15:39:33","date_gmt":"2024-10-14T13:39:33","guid":{"rendered":"https:\/\/streetmarkets.fr\/app\/produit\/bonnet-a-revers-coeur-h24-accessoires-gris-chine-fonce\/"},"modified":"2025-02-24T01:05:32","modified_gmt":"2025-02-24T00:05:32","slug":"bonnet-a-revers-coeur-h24-accessoires-gris-chine-fonce","status":"publish","type":"product","link":"https:\/\/streetmarkets.fr\/app\/produit\/bonnet-a-revers-coeur-h24-accessoires-gris-chine-fonce\/","title":{"rendered":"Bonnet \u00e0 Revers Coeur (H24 \/ ACCESSOIRES \/ Gris Chin\u00e9 Fonc\u00e9)"},"content":{"rendered":"<p>Mati\u00e8re douce et d\u00e9tail signature : ce bonnet c\u00f4tel\u00e9 en cachemire vient parfaire votre silhouette de saison. Un c\u0153ur brod\u00e9 orn\u00e9 d&#8217;une signature &#8220;FUTURE&#8221; s&#8217;invite sur le revers, vous invitant \u00e0 rejoindre le Club !<\/p>\n<p>&#8211; Bonnet en cachemire certifi\u00e9 GCS\u00ae<br \/>\n<br \/>&#8211; Broderie c\u0153ur &#8220;FUTURE&#8221;<br \/>\n<br \/>&#8211; \u00c0 revers<br \/>\n<br \/>&#8211; C\u00f4tel\u00e9<br \/>\n<br \/>&#8211; Coupe regular<br \/>\n<br \/>&#8211; Le Good Cashmere Standard\u00ae (GCS) est une norme ind\u00e9pendante pour un cachemire plus durable et plus responsable. Il vise \u00e0 am\u00e9liorer le bien-\u00eatre des ch\u00e8vres cachemire, les conditions de travail des \u00e9leveurs ainsi qu&#8217;\u00e0 prot\u00e9ger l&#8217;environnement.<\/p>\n","protected":false},"excerpt":{"rendered":"<p>Mati\u00e8re douce et d\u00e9tail signature : ce bonnet c\u00f4tel\u00e9 en cachemire vient parfaire votre silhouette de saison. Un c\u0153ur brod\u00e9 orn\u00e9 d&#8217;une signature &#8220;FUTURE&#8221; s&#8217;invite sur le revers, vous invitant \u00e0 rejoindre le Club ! &#8211; Bonnet en cachemire certifi\u00e9 GCS\u00ae &#8211; Broderie c\u0153ur &#8220;FUTURE&#8221; &#8211; \u00c0 revers &#8211; C\u00f4tel\u00e9 &#8211; Coupe regular &#8211; Le [&hellip;]<\/p>\n","protected":false},"featured_media":691057,"comment_status":"open","ping_status":"closed","template":"","meta":[],"product_brand":[6868],"product_cat":[1756,1760],"product_tag":[2244],"acf":[],"_links":{"self":[{"href":"https:\/\/streetmarkets.fr\/app\/wp-json\/wp\/v2\/product\/691056"}],"collection":[{"href":"https:\/\/streetmarkets.fr\/app\/wp-json\/wp\/v2\/product"}],"about":[{"href":"https:\/\/streetmarkets.fr\/app\/wp-json\/wp\/v2\/types\/product"}],"replies":[{"embeddable":true,"href":"https:\/\/streetmarkets.fr\/app\/wp-json\/wp\/v2\/comments?post=691056"}],"wp:featuredmedia":[{"embeddable":true,"href":"https:\/\/streetmarkets.fr\/app\/wp-json\/wp\/v2\/media\/691057"}],"wp:attachment":[{"href":"https:\/\/streetmarkets.fr\/app\/wp-json\/wp\/v2\/media?parent=691056"}],"wp:term":[{"taxonomy":"product_brand","embeddable":true,"href":"https:\/\/streetmarkets.fr\/app\/wp-json\/wp\/v2\/product_brand?post=691056"},{"taxonomy":"product_cat","embeddable":true,"href":"https:\/\/streetmarkets.fr\/app\/wp-json\/wp\/v2\/product_cat?post=691056"},{"taxonomy":"product_tag","embeddable":true,"href":"https:\/\/streetmarkets.fr\/app\/wp-json\/wp\/v2\/product_tag?post=691056"}],"curies":[{"name":"wp","href":"https:\/\/api.w.org\/{rel}","templated":true}]}}