{"id":691038,"date":"2024-10-14T15:39:32","date_gmt":"2024-10-14T13:39:32","guid":{"rendered":"https:\/\/streetmarkets.fr\/app\/produit\/chemise-manches-longues-h24-homme-gris-chine-fonce\/"},"modified":"2025-02-04T01:05:56","modified_gmt":"2025-02-04T00:05:56","slug":"chemise-manches-longues-h24-homme-gris-chine-fonce","status":"publish","type":"product","link":"https:\/\/streetmarkets.fr\/app\/produit\/chemise-manches-longues-h24-homme-gris-chine-fonce\/","title":{"rendered":"Chemise Manches Longues (H24 \/ HOMME \/ Gris Chin\u00e9 Fonc\u00e9)"},"content":{"rendered":"<p>Optez pour l&#8217;\u00e9l\u00e9gance intemporelle avec cette chemise confectionn\u00e9e en cachemire. Dot\u00e9e d&#8217;un col chemise, d&#8217;une fermeture boutonn\u00e9e et de manches longues, elle d\u00e9voile une coupe impeccable et une silhouette structur\u00e9e. Portez-la seule ou en superposition avec un t-shirt pour un look chic et versatile.<\/p>\n<p>&#8211; Chemise en cachemire certifi\u00e9 GCS\u00ae Homme<br \/>\n<br \/>&#8211; Col chemise<br \/>\n<br \/>&#8211; Fermeture boutonn\u00e9e<br \/>\n<br \/>&#8211; Manches longues<br \/>\n<br \/>&#8211; Bords c\u00f4tel\u00e9s<br \/>\n<br \/>&#8211; Coupe regular<br \/>\n<br \/>&#8211; Le Good Cashmere Standard\u00ae (GCS) est une norme ind\u00e9pendante pour un cachemire plus durable et plus responsable. Il vise \u00e0 am\u00e9liorer le bien-\u00eatre des ch\u00e8vres cachemire, les conditions de travail des \u00e9leveurs ainsi qu&#8217;\u00e0 prot\u00e9ger l&#8217;environnement.<br \/>&#8211; <u>Cachemire 2 fils<\/u> <\/p>\n","protected":false},"excerpt":{"rendered":"<p>Optez pour l&#8217;\u00e9l\u00e9gance intemporelle avec cette chemise confectionn\u00e9e en cachemire. Dot\u00e9e d&#8217;un col chemise, d&#8217;une fermeture boutonn\u00e9e et de manches longues, elle d\u00e9voile une coupe impeccable et une silhouette structur\u00e9e. Portez-la seule ou en superposition avec un t-shirt pour un look chic et versatile. &#8211; Chemise en cachemire certifi\u00e9 GCS\u00ae Homme &#8211; Col chemise &#8211; [&hellip;]<\/p>\n","protected":false},"featured_media":691039,"comment_status":"open","ping_status":"closed","template":"","meta":[],"product_brand":[6868],"product_cat":[1756,1758],"product_tag":[2244],"acf":[],"_links":{"self":[{"href":"https:\/\/streetmarkets.fr\/app\/wp-json\/wp\/v2\/product\/691038"}],"collection":[{"href":"https:\/\/streetmarkets.fr\/app\/wp-json\/wp\/v2\/product"}],"about":[{"href":"https:\/\/streetmarkets.fr\/app\/wp-json\/wp\/v2\/types\/product"}],"replies":[{"embeddable":true,"href":"https:\/\/streetmarkets.fr\/app\/wp-json\/wp\/v2\/comments?post=691038"}],"wp:featuredmedia":[{"embeddable":true,"href":"https:\/\/streetmarkets.fr\/app\/wp-json\/wp\/v2\/media\/691039"}],"wp:attachment":[{"href":"https:\/\/streetmarkets.fr\/app\/wp-json\/wp\/v2\/media?parent=691038"}],"wp:term":[{"taxonomy":"product_brand","embeddable":true,"href":"https:\/\/streetmarkets.fr\/app\/wp-json\/wp\/v2\/product_brand?post=691038"},{"taxonomy":"product_cat","embeddable":true,"href":"https:\/\/streetmarkets.fr\/app\/wp-json\/wp\/v2\/product_cat?post=691038"},{"taxonomy":"product_tag","embeddable":true,"href":"https:\/\/streetmarkets.fr\/app\/wp-json\/wp\/v2\/product_tag?post=691038"}],"curies":[{"name":"wp","href":"https:\/\/api.w.org\/{rel}","templated":true}]}}