{"id":690985,"date":"2024-10-14T15:39:05","date_gmt":"2024-10-14T13:39:05","guid":{"rendered":"https:\/\/streetmarkets.fr\/app\/produit\/pull-col-rond-h24-femme-utopic-pink\/"},"modified":"2025-03-10T01:07:12","modified_gmt":"2025-03-10T00:07:12","slug":"pull-col-rond-h24-femme-utopic-pink","status":"publish","type":"product","link":"https:\/\/streetmarkets.fr\/app\/produit\/pull-col-rond-h24-femme-utopic-pink\/","title":{"rendered":"Pull Col Rond (H24 \/ FEMME \/ Utopic Pink)"},"content":{"rendered":"<p>R\u00e9haussez votre vestiaire avec ce pull en cachemire aux contrastes audacieux. Muni d&#8217;un col rond, de manches longues et de bords c\u00f4tel\u00e9s, des bandes bicolores structurent la silhouette. Compl\u00e9tez votre look de saison avec une robe fluide ou une jupe structur\u00e9e.<\/p>\n<p>&#8211; Pull en cachemire certifi\u00e9 GCS\u00ae Femme<br \/>\n<br \/>&#8211; Bandes contrast\u00e9es<br \/>\n<br \/>&#8211; Col rond<br \/>\n<br \/>&#8211; Manches longues<br \/>\n<br \/>&#8211; Bords c\u00f4tel\u00e9s<br \/>\n<br \/>&#8211; Coupe regular<br \/>\n<br \/>&#8211; Le Good Cashmere Standard\u00ae (GCS) est une norme ind\u00e9pendante pour un cachemire plus durable et plus responsable. Il vise \u00e0 am\u00e9liorer le bien-\u00eatre des ch\u00e8vres cachemire, les conditions de travail des \u00e9leveurs ainsi qu&#8217;\u00e0 prot\u00e9ger l&#8217;environnement.<br \/>&#8211; <u>Cachemire 2 fils<\/u> <\/p>\n","protected":false},"excerpt":{"rendered":"<p>R\u00e9haussez votre vestiaire avec ce pull en cachemire aux contrastes audacieux. Muni d&#8217;un col rond, de manches longues et de bords c\u00f4tel\u00e9s, des bandes bicolores structurent la silhouette. Compl\u00e9tez votre look de saison avec une robe fluide ou une jupe structur\u00e9e. &#8211; Pull en cachemire certifi\u00e9 GCS\u00ae Femme &#8211; Bandes contrast\u00e9es &#8211; Col rond &#8211; [&hellip;]<\/p>\n","protected":false},"featured_media":690986,"comment_status":"open","ping_status":"closed","template":"","meta":[],"product_brand":[6868],"product_cat":[1756,1762],"product_tag":[2244],"acf":[],"_links":{"self":[{"href":"https:\/\/streetmarkets.fr\/app\/wp-json\/wp\/v2\/product\/690985"}],"collection":[{"href":"https:\/\/streetmarkets.fr\/app\/wp-json\/wp\/v2\/product"}],"about":[{"href":"https:\/\/streetmarkets.fr\/app\/wp-json\/wp\/v2\/types\/product"}],"replies":[{"embeddable":true,"href":"https:\/\/streetmarkets.fr\/app\/wp-json\/wp\/v2\/comments?post=690985"}],"wp:featuredmedia":[{"embeddable":true,"href":"https:\/\/streetmarkets.fr\/app\/wp-json\/wp\/v2\/media\/690986"}],"wp:attachment":[{"href":"https:\/\/streetmarkets.fr\/app\/wp-json\/wp\/v2\/media?parent=690985"}],"wp:term":[{"taxonomy":"product_brand","embeddable":true,"href":"https:\/\/streetmarkets.fr\/app\/wp-json\/wp\/v2\/product_brand?post=690985"},{"taxonomy":"product_cat","embeddable":true,"href":"https:\/\/streetmarkets.fr\/app\/wp-json\/wp\/v2\/product_cat?post=690985"},{"taxonomy":"product_tag","embeddable":true,"href":"https:\/\/streetmarkets.fr\/app\/wp-json\/wp\/v2\/product_tag?post=690985"}],"curies":[{"name":"wp","href":"https:\/\/api.w.org\/{rel}","templated":true}]}}