{"id":690935,"date":"2024-10-14T15:39:02","date_gmt":"2024-10-14T13:39:02","guid":{"rendered":"https:\/\/streetmarkets.fr\/app\/produit\/pull-col-rond-h24-homme-navy\/"},"modified":"2025-03-10T01:07:11","modified_gmt":"2025-03-10T00:07:11","slug":"pull-col-rond-h24-homme-navy","status":"publish","type":"product","link":"https:\/\/streetmarkets.fr\/app\/produit\/pull-col-rond-h24-homme-navy\/","title":{"rendered":"Pull Col Rond (H24 \/ HOMME \/ Navy)"},"content":{"rendered":"<p>\u00c9levez votre look de saison avec ce pull confectionn\u00e9 en cachemire 2 fils infiniment doux. Dot\u00e9 d&#8217;un col rond et des bords c\u00f4tel\u00e9s, il d\u00e9voile des liser\u00e9s le long des manches, cr\u00e9ant un jeu de contrastes audacieux.<\/p>\n<p>&#8211; Pull en cachemire 2 fils certifi\u00e9 GCS\u00ae Homme<br \/>\n<br \/>&#8211; Liser\u00e9s contrast\u00e9s<br \/>\n<br \/>&#8211; Col rond contrast\u00e9<br \/>\n<br \/>&#8211; Manches longues<br \/>\n<br \/>&#8211; Bords c\u00f4tel\u00e9s<br \/>\n<br \/>&#8211; Coupe regular<br \/>\n<br \/>&#8211; Le Good Cashmere Standard\u00ae (GCS) est une norme ind\u00e9pendante pour un cachemire plus durable et plus responsable. Il vise \u00e0 am\u00e9liorer le bien-\u00eatre des ch\u00e8vres cachemire, les conditions de travail des \u00e9leveurs ainsi qu&#8217;\u00e0 prot\u00e9ger l&#8217;environnement.<\/p>\n","protected":false},"excerpt":{"rendered":"<p>\u00c9levez votre look de saison avec ce pull confectionn\u00e9 en cachemire 2 fils infiniment doux. Dot\u00e9 d&#8217;un col rond et des bords c\u00f4tel\u00e9s, il d\u00e9voile des liser\u00e9s le long des manches, cr\u00e9ant un jeu de contrastes audacieux. &#8211; Pull en cachemire 2 fils certifi\u00e9 GCS\u00ae Homme &#8211; Liser\u00e9s contrast\u00e9s &#8211; Col rond contrast\u00e9 &#8211; Manches [&hellip;]<\/p>\n","protected":false},"featured_media":690936,"comment_status":"open","ping_status":"closed","template":"","meta":[],"product_brand":[6868],"product_cat":[1756,1758],"product_tag":[2244],"acf":[],"_links":{"self":[{"href":"https:\/\/streetmarkets.fr\/app\/wp-json\/wp\/v2\/product\/690935"}],"collection":[{"href":"https:\/\/streetmarkets.fr\/app\/wp-json\/wp\/v2\/product"}],"about":[{"href":"https:\/\/streetmarkets.fr\/app\/wp-json\/wp\/v2\/types\/product"}],"replies":[{"embeddable":true,"href":"https:\/\/streetmarkets.fr\/app\/wp-json\/wp\/v2\/comments?post=690935"}],"wp:featuredmedia":[{"embeddable":true,"href":"https:\/\/streetmarkets.fr\/app\/wp-json\/wp\/v2\/media\/690936"}],"wp:attachment":[{"href":"https:\/\/streetmarkets.fr\/app\/wp-json\/wp\/v2\/media?parent=690935"}],"wp:term":[{"taxonomy":"product_brand","embeddable":true,"href":"https:\/\/streetmarkets.fr\/app\/wp-json\/wp\/v2\/product_brand?post=690935"},{"taxonomy":"product_cat","embeddable":true,"href":"https:\/\/streetmarkets.fr\/app\/wp-json\/wp\/v2\/product_cat?post=690935"},{"taxonomy":"product_tag","embeddable":true,"href":"https:\/\/streetmarkets.fr\/app\/wp-json\/wp\/v2\/product_tag?post=690935"}],"curies":[{"name":"wp","href":"https:\/\/api.w.org\/{rel}","templated":true}]}}