{"id":690845,"date":"2024-10-14T15:38:56","date_gmt":"2024-10-14T13:38:56","guid":{"rendered":"https:\/\/streetmarkets.fr\/app\/produit\/t-shirt-col-rond-manches-longues-h24-femme-blanc\/"},"modified":"2025-03-16T00:56:30","modified_gmt":"2025-03-15T23:56:30","slug":"t-shirt-col-rond-manches-longues-h24-femme-blanc","status":"publish","type":"product","link":"https:\/\/streetmarkets.fr\/app\/produit\/t-shirt-col-rond-manches-longues-h24-femme-blanc\/","title":{"rendered":"T-shirt Col Rond Manches Longues (H24 \/ FEMME \/ Blanc)"},"content":{"rendered":"<p>Indispensable du vestiaire f\u00e9minin, ce t-shirt en coton se porte aussi bien seul qu&#8217;en superposition. Muni d&#8217;un col rond et de manches longues, il conjugue confort et \u00e9l\u00e9gance pour compl\u00e9ter vos silhouettes au quotidien. Autorisant tous les styles, glissez-le sous une maille c\u00f4tel\u00e9e et associez-le \u00e0 un pantalon de tailleur.<\/p>\n<p>&#8211; T-shirt en coton Supima Femme<br \/>\n<br \/>&#8211; Col rond<br \/>\n<br \/>&#8211; Manches longues<br \/>\n<br \/>&#8211; Finitions surpiq\u00fbres<br \/>\n<br \/>&#8211; Coupe regular<br \/>\n<br \/>&#8211; Fabriqu\u00e9 au Portugal<\/p>\n","protected":false},"excerpt":{"rendered":"<p>Indispensable du vestiaire f\u00e9minin, ce t-shirt en coton se porte aussi bien seul qu&#8217;en superposition. Muni d&#8217;un col rond et de manches longues, il conjugue confort et \u00e9l\u00e9gance pour compl\u00e9ter vos silhouettes au quotidien. Autorisant tous les styles, glissez-le sous une maille c\u00f4tel\u00e9e et associez-le \u00e0 un pantalon de tailleur. &#8211; T-shirt en coton Supima [&hellip;]<\/p>\n","protected":false},"featured_media":690846,"comment_status":"open","ping_status":"closed","template":"","meta":[],"product_brand":[6868],"product_cat":[1756,1762],"product_tag":[2244],"acf":[],"_links":{"self":[{"href":"https:\/\/streetmarkets.fr\/app\/wp-json\/wp\/v2\/product\/690845"}],"collection":[{"href":"https:\/\/streetmarkets.fr\/app\/wp-json\/wp\/v2\/product"}],"about":[{"href":"https:\/\/streetmarkets.fr\/app\/wp-json\/wp\/v2\/types\/product"}],"replies":[{"embeddable":true,"href":"https:\/\/streetmarkets.fr\/app\/wp-json\/wp\/v2\/comments?post=690845"}],"wp:featuredmedia":[{"embeddable":true,"href":"https:\/\/streetmarkets.fr\/app\/wp-json\/wp\/v2\/media\/690846"}],"wp:attachment":[{"href":"https:\/\/streetmarkets.fr\/app\/wp-json\/wp\/v2\/media?parent=690845"}],"wp:term":[{"taxonomy":"product_brand","embeddable":true,"href":"https:\/\/streetmarkets.fr\/app\/wp-json\/wp\/v2\/product_brand?post=690845"},{"taxonomy":"product_cat","embeddable":true,"href":"https:\/\/streetmarkets.fr\/app\/wp-json\/wp\/v2\/product_cat?post=690845"},{"taxonomy":"product_tag","embeddable":true,"href":"https:\/\/streetmarkets.fr\/app\/wp-json\/wp\/v2\/product_tag?post=690845"}],"curies":[{"name":"wp","href":"https:\/\/api.w.org\/{rel}","templated":true}]}}