{"id":690796,"date":"2024-10-14T15:38:54","date_gmt":"2024-10-14T13:38:54","guid":{"rendered":"https:\/\/streetmarkets.fr\/app\/produit\/pull-col-rond-h24-homme-gris-chine-fonce\/"},"modified":"2025-03-10T01:10:02","modified_gmt":"2025-03-10T00:10:02","slug":"pull-col-rond-h24-homme-gris-chine-fonce","status":"publish","type":"product","link":"https:\/\/streetmarkets.fr\/app\/produit\/pull-col-rond-h24-homme-gris-chine-fonce\/","title":{"rendered":"Pull Col Rond (H24 \/ HOMME \/ Gris Chin\u00e9 Fonc\u00e9)"},"content":{"rendered":"<p>Orn\u00e9 d&#8217;un badge signature &#8220;Future&#8221; sur la poitrine, ce pull vous invite \u00e0 rejoindre le Club ! Confectionn\u00e9 en cachemire 4 fils, il est muni d&#8217;un col rond, de manches longues et de bords c\u00f4tel\u00e9s. D\u00e9contract\u00e9 mais toujours avec de l&#8217;allure, il s&#8217;associe \u00e0 un t-shirt et un jean ample.<\/p>\n<p>&#8211; Pull en cachemire 4 fils certifi\u00e9 GCS\u00ae Homme<br \/>\n<br \/>&#8211; Badge &#8220;Future&#8221; sur la poitrine<br \/>\n<br \/>&#8211; Col rond<br \/>\n<br \/>&#8211; Manches longues<br \/>\n<br \/>&#8211; Bords c\u00f4tel\u00e9s<br \/>\n<br \/>&#8211; Coupe regular<br \/>\n<br \/>&#8211; Le Good Cashmere Standard\u00ae (GCS) est une norme ind\u00e9pendante pour un cachemire plus durable et plus responsable. Il vise \u00e0 am\u00e9liorer le bien-\u00eatre des ch\u00e8vres cachemire, les conditions de travail des \u00e9leveurs ainsi qu&#8217;\u00e0 prot\u00e9ger l&#8217;environnement.<\/p>\n","protected":false},"excerpt":{"rendered":"<p>Orn\u00e9 d&#8217;un badge signature &#8220;Future&#8221; sur la poitrine, ce pull vous invite \u00e0 rejoindre le Club ! Confectionn\u00e9 en cachemire 4 fils, il est muni d&#8217;un col rond, de manches longues et de bords c\u00f4tel\u00e9s. D\u00e9contract\u00e9 mais toujours avec de l&#8217;allure, il s&#8217;associe \u00e0 un t-shirt et un jean ample. &#8211; Pull en cachemire 4 [&hellip;]<\/p>\n","protected":false},"featured_media":690797,"comment_status":"open","ping_status":"closed","template":"","meta":[],"product_brand":[6868],"product_cat":[1756,1758],"product_tag":[2244],"acf":[],"_links":{"self":[{"href":"https:\/\/streetmarkets.fr\/app\/wp-json\/wp\/v2\/product\/690796"}],"collection":[{"href":"https:\/\/streetmarkets.fr\/app\/wp-json\/wp\/v2\/product"}],"about":[{"href":"https:\/\/streetmarkets.fr\/app\/wp-json\/wp\/v2\/types\/product"}],"replies":[{"embeddable":true,"href":"https:\/\/streetmarkets.fr\/app\/wp-json\/wp\/v2\/comments?post=690796"}],"wp:featuredmedia":[{"embeddable":true,"href":"https:\/\/streetmarkets.fr\/app\/wp-json\/wp\/v2\/media\/690797"}],"wp:attachment":[{"href":"https:\/\/streetmarkets.fr\/app\/wp-json\/wp\/v2\/media?parent=690796"}],"wp:term":[{"taxonomy":"product_brand","embeddable":true,"href":"https:\/\/streetmarkets.fr\/app\/wp-json\/wp\/v2\/product_brand?post=690796"},{"taxonomy":"product_cat","embeddable":true,"href":"https:\/\/streetmarkets.fr\/app\/wp-json\/wp\/v2\/product_cat?post=690796"},{"taxonomy":"product_tag","embeddable":true,"href":"https:\/\/streetmarkets.fr\/app\/wp-json\/wp\/v2\/product_tag?post=690796"}],"curies":[{"name":"wp","href":"https:\/\/api.w.org\/{rel}","templated":true}]}}