{"id":690784,"date":"2024-10-14T15:38:53","date_gmt":"2024-10-14T13:38:53","guid":{"rendered":"https:\/\/streetmarkets.fr\/app\/produit\/pull-col-rond-h24-homme-kaki\/"},"modified":"2025-03-10T01:07:10","modified_gmt":"2025-03-10T00:07:10","slug":"pull-col-rond-h24-homme-kaki","status":"publish","type":"product","link":"https:\/\/streetmarkets.fr\/app\/produit\/pull-col-rond-h24-homme-kaki\/","title":{"rendered":"Pull Col Rond (H24 \/ HOMME \/ Kaki)"},"content":{"rendered":"<p><!--td {border: 1px solid #cccccc;}br {mso-data-placement:same-cell;}--><\/p>\n<p><span data-sheets-root=\"1\">Confectionn\u00e9 en cachemire 4 fils, ce pull adopte une maille douce et c\u00f4tel\u00e9e pour r\u00e9chauffer votre look de saison. Dot\u00e9 de manches longues et de bords c\u00f4tel\u00e9s, il d\u00e9voile un col rond et un poche poitrine \u00e0 rabat. <\/p>\n<p>&#8211; Pull en cachemire 4 fils certifi\u00e9 GCS\u00ae Homme<br \/>&#8211; C\u00f4tel\u00e9<br \/>&#8211; Col rond<br \/>&#8211; Poche poitrine \u00e0 rabat<br \/>&#8211; Manches longues<br \/>&#8211; Bords c\u00f4tel\u00e9s<br \/>&#8211; Coupe regular<br \/>&#8211; Le Good Cashmere Standard\u00ae (GCS) est une norme ind\u00e9pendante pour un cachemire plus durable et plus responsable. Il vise \u00e0 am\u00e9liorer le bien-\u00eatre des ch\u00e8vres cachemire, les conditions de travail des \u00e9leveurs ainsi qu&#8217;\u00e0 prot\u00e9ger l&#8217;environnement.<\/span><\/p>\n","protected":false},"excerpt":{"rendered":"<p>Confectionn\u00e9 en cachemire 4 fils, ce pull adopte une maille douce et c\u00f4tel\u00e9e pour r\u00e9chauffer votre look de saison. Dot\u00e9 de manches longues et de bords c\u00f4tel\u00e9s, il d\u00e9voile un col rond et un poche poitrine \u00e0 rabat. &#8211; Pull en cachemire 4 fils certifi\u00e9 GCS\u00ae Homme&#8211; C\u00f4tel\u00e9&#8211; Col rond&#8211; Poche poitrine \u00e0 rabat&#8211; Manches [&hellip;]<\/p>\n","protected":false},"featured_media":690785,"comment_status":"open","ping_status":"closed","template":"","meta":[],"product_brand":[6868],"product_cat":[1756,1758],"product_tag":[2244],"acf":[],"_links":{"self":[{"href":"https:\/\/streetmarkets.fr\/app\/wp-json\/wp\/v2\/product\/690784"}],"collection":[{"href":"https:\/\/streetmarkets.fr\/app\/wp-json\/wp\/v2\/product"}],"about":[{"href":"https:\/\/streetmarkets.fr\/app\/wp-json\/wp\/v2\/types\/product"}],"replies":[{"embeddable":true,"href":"https:\/\/streetmarkets.fr\/app\/wp-json\/wp\/v2\/comments?post=690784"}],"wp:featuredmedia":[{"embeddable":true,"href":"https:\/\/streetmarkets.fr\/app\/wp-json\/wp\/v2\/media\/690785"}],"wp:attachment":[{"href":"https:\/\/streetmarkets.fr\/app\/wp-json\/wp\/v2\/media?parent=690784"}],"wp:term":[{"taxonomy":"product_brand","embeddable":true,"href":"https:\/\/streetmarkets.fr\/app\/wp-json\/wp\/v2\/product_brand?post=690784"},{"taxonomy":"product_cat","embeddable":true,"href":"https:\/\/streetmarkets.fr\/app\/wp-json\/wp\/v2\/product_cat?post=690784"},{"taxonomy":"product_tag","embeddable":true,"href":"https:\/\/streetmarkets.fr\/app\/wp-json\/wp\/v2\/product_tag?post=690784"}],"curies":[{"name":"wp","href":"https:\/\/api.w.org\/{rel}","templated":true}]}}