{"id":690694,"date":"2024-10-14T15:38:27","date_gmt":"2024-10-14T13:38:27","guid":{"rendered":"https:\/\/streetmarkets.fr\/app\/produit\/jogging-droit-basique-h24-homme-noir\/"},"modified":"2025-01-20T01:13:05","modified_gmt":"2025-01-20T00:13:05","slug":"jogging-droit-basique-h24-homme-noir","status":"publish","type":"product","link":"https:\/\/streetmarkets.fr\/app\/produit\/jogging-droit-basique-h24-homme-noir\/","title":{"rendered":"Jogging Droit Basique (H24 \/ HOMME \/ Noir)"},"content":{"rendered":"<p>Confectionn\u00e9 en cachemire, ce jogging long s&#8217;impose comme un indispensable du vestiaire FROM FUTURE. Resserr\u00e9 aux chevilles, il affiche deux poches lat\u00e9rales et s&#8217;ajuste \u00e0 la taille gr\u00e2ce aux cordons de serrage. Doux et confortable, compl\u00e9tez votre look casual avec un t-shirt ou un sweatshirt.<\/p>\n<p>&#8211; Jogging long en cachemire certifi\u00e9 GCS\u00ae Homme<br \/>\n<br \/>&#8211; Cordon de serrage \u00e0 taille<br \/>\n<br \/>&#8211; 2 poches lat\u00e9rales<br \/>\n<br \/>&#8211; Resserr\u00e9 aux chevilles<br \/>\n<br \/>&#8211; Coupe regular<br \/>\n<br \/>&#8211; Le Good Cashmere Standard\u00ae (GCS) est une norme ind\u00e9pendante pour un cachemire plus durable et plus responsable. Il vise \u00e0 am\u00e9liorer le bien-\u00eatre des ch\u00e8vres cachemire, les conditions de travail des \u00e9leveurs ainsi qu&#8217;\u00e0 prot\u00e9ger l&#8217;environnement.<br \/>&#8211; <u>Cachemire 2 fils<\/u> <\/p>\n","protected":false},"excerpt":{"rendered":"<p>Confectionn\u00e9 en cachemire, ce jogging long s&#8217;impose comme un indispensable du vestiaire FROM FUTURE. Resserr\u00e9 aux chevilles, il affiche deux poches lat\u00e9rales et s&#8217;ajuste \u00e0 la taille gr\u00e2ce aux cordons de serrage. Doux et confortable, compl\u00e9tez votre look casual avec un t-shirt ou un sweatshirt. &#8211; Jogging long en cachemire certifi\u00e9 GCS\u00ae Homme &#8211; Cordon [&hellip;]<\/p>\n","protected":false},"featured_media":690695,"comment_status":"open","ping_status":"closed","template":"","meta":[],"product_brand":[6868],"product_cat":[1756,1758],"product_tag":[2244],"acf":[],"_links":{"self":[{"href":"https:\/\/streetmarkets.fr\/app\/wp-json\/wp\/v2\/product\/690694"}],"collection":[{"href":"https:\/\/streetmarkets.fr\/app\/wp-json\/wp\/v2\/product"}],"about":[{"href":"https:\/\/streetmarkets.fr\/app\/wp-json\/wp\/v2\/types\/product"}],"replies":[{"embeddable":true,"href":"https:\/\/streetmarkets.fr\/app\/wp-json\/wp\/v2\/comments?post=690694"}],"wp:featuredmedia":[{"embeddable":true,"href":"https:\/\/streetmarkets.fr\/app\/wp-json\/wp\/v2\/media\/690695"}],"wp:attachment":[{"href":"https:\/\/streetmarkets.fr\/app\/wp-json\/wp\/v2\/media?parent=690694"}],"wp:term":[{"taxonomy":"product_brand","embeddable":true,"href":"https:\/\/streetmarkets.fr\/app\/wp-json\/wp\/v2\/product_brand?post=690694"},{"taxonomy":"product_cat","embeddable":true,"href":"https:\/\/streetmarkets.fr\/app\/wp-json\/wp\/v2\/product_cat?post=690694"},{"taxonomy":"product_tag","embeddable":true,"href":"https:\/\/streetmarkets.fr\/app\/wp-json\/wp\/v2\/product_tag?post=690694"}],"curies":[{"name":"wp","href":"https:\/\/api.w.org\/{rel}","templated":true}]}}