{"id":690674,"date":"2024-10-14T15:38:26","date_gmt":"2024-10-14T13:38:26","guid":{"rendered":"https:\/\/streetmarkets.fr\/app\/produit\/pull-col-rond-strass-allover-leger-h24-femme-noir\/"},"modified":"2024-12-05T01:02:29","modified_gmt":"2024-12-05T00:02:29","slug":"pull-col-rond-strass-allover-leger-h24-femme-noir","status":"publish","type":"product","link":"https:\/\/streetmarkets.fr\/app\/produit\/pull-col-rond-strass-allover-leger-h24-femme-noir\/","title":{"rendered":"Pull Col Rond Strass Allover L\u00e9ger (H24 \/ FEMME \/ Noir)"},"content":{"rendered":"<p>Ce pull en cachemire infiniment doux d\u00e9voile une maille l\u00e9g\u00e8re twist\u00e9e de d\u00e9tails audacieux. Muni d&#8217;un col rond, de manches longues et de bords c\u00f4tel\u00e9s, il s&#8217;illumine de strass argent\u00e9s constell\u00e9s en all-over pour apporter une touche d&#8217;\u00e9clat \u00e0 votre silhouette. R\u00e9chauffez votre allure avec style en l&#8217;associant \u00e0 un jean d\u00e9contract\u00e9 et une veste structur\u00e9e.<\/p>\n<p>&#8211; Pull en cachemire l\u00e9ger certifi\u00e9 GCS\u00ae Femme<br \/>\n<br \/>&#8211; Strass en all-over<br \/>\n<br \/>&#8211; Col rond<br \/>\n<br \/>&#8211; Manches longues<br \/>\n<br \/>&#8211; Bords c\u00f4tel\u00e9s<br \/>\n<br \/>&#8211; Coupe regular<br \/>\n<br \/>&#8211; Le Good Cashmere Standard\u00ae (GCS) est une norme ind\u00e9pendante pour un cachemire plus durable et plus responsable. Il vise \u00e0 am\u00e9liorer le bien-\u00eatre des ch\u00e8vres cachemire, les conditions de travail des \u00e9leveurs ainsi qu&#8217;\u00e0 prot\u00e9ger l&#8217;environnement.<br \/>&#8211; <u>Cachemire 2 fils<\/u> <\/p>\n","protected":false},"excerpt":{"rendered":"<p>Ce pull en cachemire infiniment doux d\u00e9voile une maille l\u00e9g\u00e8re twist\u00e9e de d\u00e9tails audacieux. Muni d&#8217;un col rond, de manches longues et de bords c\u00f4tel\u00e9s, il s&#8217;illumine de strass argent\u00e9s constell\u00e9s en all-over pour apporter une touche d&#8217;\u00e9clat \u00e0 votre silhouette. R\u00e9chauffez votre allure avec style en l&#8217;associant \u00e0 un jean d\u00e9contract\u00e9 et une veste [&hellip;]<\/p>\n","protected":false},"featured_media":690675,"comment_status":"open","ping_status":"closed","template":"","meta":[],"product_brand":[6868],"product_cat":[1756,1762],"product_tag":[2244],"acf":[],"_links":{"self":[{"href":"https:\/\/streetmarkets.fr\/app\/wp-json\/wp\/v2\/product\/690674"}],"collection":[{"href":"https:\/\/streetmarkets.fr\/app\/wp-json\/wp\/v2\/product"}],"about":[{"href":"https:\/\/streetmarkets.fr\/app\/wp-json\/wp\/v2\/types\/product"}],"replies":[{"embeddable":true,"href":"https:\/\/streetmarkets.fr\/app\/wp-json\/wp\/v2\/comments?post=690674"}],"wp:featuredmedia":[{"embeddable":true,"href":"https:\/\/streetmarkets.fr\/app\/wp-json\/wp\/v2\/media\/690675"}],"wp:attachment":[{"href":"https:\/\/streetmarkets.fr\/app\/wp-json\/wp\/v2\/media?parent=690674"}],"wp:term":[{"taxonomy":"product_brand","embeddable":true,"href":"https:\/\/streetmarkets.fr\/app\/wp-json\/wp\/v2\/product_brand?post=690674"},{"taxonomy":"product_cat","embeddable":true,"href":"https:\/\/streetmarkets.fr\/app\/wp-json\/wp\/v2\/product_cat?post=690674"},{"taxonomy":"product_tag","embeddable":true,"href":"https:\/\/streetmarkets.fr\/app\/wp-json\/wp\/v2\/product_tag?post=690674"}],"curies":[{"name":"wp","href":"https:\/\/api.w.org\/{rel}","templated":true}]}}