{"id":690666,"date":"2024-10-14T15:38:26","date_gmt":"2024-10-14T13:38:26","guid":{"rendered":"https:\/\/streetmarkets.fr\/app\/produit\/pull-col-v-basique-h24-homme-camel\/"},"modified":"2025-03-05T00:58:26","modified_gmt":"2025-03-04T23:58:26","slug":"pull-col-v-basique-h24-homme-camel","status":"publish","type":"product","link":"https:\/\/streetmarkets.fr\/app\/produit\/pull-col-v-basique-h24-homme-camel\/","title":{"rendered":"Pull Col V Basique (H24 \/ HOMME \/ Camel)"},"content":{"rendered":"<p>Un basique \u00e0 porter sans mod\u00e9ration : ce pull adopte une maille infiniment douce en cachemire 2 fils. Muni de manches longues et de bords c\u00f4tel\u00e9s, il d\u00e9voile un col V pour une allure structur\u00e9e. \u00c0 porter seul ou en superposition, il s&#8217;associe \u00e0 un pantalon de tailleur ou un jean d\u00e9contract\u00e9.<\/p>\n<p>&#8211; Pull en cachemire 2 fils certifi\u00e9 GCS\u00ae Homme<br \/>\n<br \/>&#8211; Col V<br \/>\n<br \/>&#8211; Manches longues<br \/>\n<br \/>&#8211; Bords c\u00f4tel\u00e9s<br \/>\n<br \/>&#8211; Coupe regular<br \/>\n<br \/>&#8211; Le Good Cashmere Standard\u00ae (GCS) est une norme ind\u00e9pendante pour un cachemire plus durable et plus responsable. Il vise \u00e0 am\u00e9liorer le bien-\u00eatre des ch\u00e8vres cachemire, les conditions de travail des \u00e9leveurs ainsi qu&#8217;\u00e0 prot\u00e9ger l&#8217;environnement.<\/p>\n","protected":false},"excerpt":{"rendered":"<p>Un basique \u00e0 porter sans mod\u00e9ration : ce pull adopte une maille infiniment douce en cachemire 2 fils. Muni de manches longues et de bords c\u00f4tel\u00e9s, il d\u00e9voile un col V pour une allure structur\u00e9e. \u00c0 porter seul ou en superposition, il s&#8217;associe \u00e0 un pantalon de tailleur ou un jean d\u00e9contract\u00e9. &#8211; Pull en [&hellip;]<\/p>\n","protected":false},"featured_media":690667,"comment_status":"open","ping_status":"closed","template":"","meta":[],"product_brand":[6868],"product_cat":[1756,1758],"product_tag":[2244],"acf":[],"_links":{"self":[{"href":"https:\/\/streetmarkets.fr\/app\/wp-json\/wp\/v2\/product\/690666"}],"collection":[{"href":"https:\/\/streetmarkets.fr\/app\/wp-json\/wp\/v2\/product"}],"about":[{"href":"https:\/\/streetmarkets.fr\/app\/wp-json\/wp\/v2\/types\/product"}],"replies":[{"embeddable":true,"href":"https:\/\/streetmarkets.fr\/app\/wp-json\/wp\/v2\/comments?post=690666"}],"wp:featuredmedia":[{"embeddable":true,"href":"https:\/\/streetmarkets.fr\/app\/wp-json\/wp\/v2\/media\/690667"}],"wp:attachment":[{"href":"https:\/\/streetmarkets.fr\/app\/wp-json\/wp\/v2\/media?parent=690666"}],"wp:term":[{"taxonomy":"product_brand","embeddable":true,"href":"https:\/\/streetmarkets.fr\/app\/wp-json\/wp\/v2\/product_brand?post=690666"},{"taxonomy":"product_cat","embeddable":true,"href":"https:\/\/streetmarkets.fr\/app\/wp-json\/wp\/v2\/product_cat?post=690666"},{"taxonomy":"product_tag","embeddable":true,"href":"https:\/\/streetmarkets.fr\/app\/wp-json\/wp\/v2\/product_tag?post=690666"}],"curies":[{"name":"wp","href":"https:\/\/api.w.org\/{rel}","templated":true}]}}