{"id":690600,"date":"2024-10-14T15:38:22","date_gmt":"2024-10-14T13:38:22","guid":{"rendered":"https:\/\/streetmarkets.fr\/app\/produit\/pull-col-rond-h24-femme-utopic-green\/"},"modified":"2025-02-04T01:05:31","modified_gmt":"2025-02-04T00:05:31","slug":"pull-col-rond-h24-femme-utopic-green","status":"publish","type":"product","link":"https:\/\/streetmarkets.fr\/app\/produit\/pull-col-rond-h24-femme-utopic-green\/","title":{"rendered":"Pull Col Rond (H24 \/ FEMME \/ Utopic Green)"},"content":{"rendered":"<p>Rejoignez le Club avec ce pull vibrant, orn\u00e9 d&#8217;une signature contrast\u00e9e &#8220;Future&#8221; \u00e0 l&#8217;avant. Muni d&#8217;un col rond, de manches longues et de bords c\u00f4tel\u00e9s, il adopte une maille douce en 100% cachemire. Associez-le \u00e0 un jean ample et une casquette pour un look chic et casual.<\/p>\n<p>&#8211; Pull en cachemire certifi\u00e9 GCS\u00ae Femme<br \/>\n<br \/>&#8211; Motif &#8220;Future&#8221; en jacquard et broderie<br \/>\n<br \/>&#8211; Col rond<br \/>\n<br \/>&#8211; Bords c\u00f4tel\u00e9s<br \/>\n<br \/>&#8211; Manches longues<br \/>\n<br \/>&#8211; Coupe oversize<br \/>\n<br \/>&#8211; Le Good Cashmere Standard\u00ae (GCS) est une norme ind\u00e9pendante pour un cachemire plus durable et plus responsable. Il vise \u00e0 am\u00e9liorer le bien-\u00eatre des ch\u00e8vres cachemire, les conditions de travail des \u00e9leveurs ainsi qu&#8217;\u00e0 prot\u00e9ger l&#8217;environnement.<br \/>&#8211; <u>Cachemire 4 fils<\/u> <\/p>\n","protected":false},"excerpt":{"rendered":"<p>Rejoignez le Club avec ce pull vibrant, orn\u00e9 d&#8217;une signature contrast\u00e9e &#8220;Future&#8221; \u00e0 l&#8217;avant. Muni d&#8217;un col rond, de manches longues et de bords c\u00f4tel\u00e9s, il adopte une maille douce en 100% cachemire. Associez-le \u00e0 un jean ample et une casquette pour un look chic et casual. &#8211; Pull en cachemire certifi\u00e9 GCS\u00ae Femme &#8211; [&hellip;]<\/p>\n","protected":false},"featured_media":690601,"comment_status":"open","ping_status":"closed","template":"","meta":[],"product_brand":[6868],"product_cat":[1756,1762],"product_tag":[2244],"acf":[],"_links":{"self":[{"href":"https:\/\/streetmarkets.fr\/app\/wp-json\/wp\/v2\/product\/690600"}],"collection":[{"href":"https:\/\/streetmarkets.fr\/app\/wp-json\/wp\/v2\/product"}],"about":[{"href":"https:\/\/streetmarkets.fr\/app\/wp-json\/wp\/v2\/types\/product"}],"replies":[{"embeddable":true,"href":"https:\/\/streetmarkets.fr\/app\/wp-json\/wp\/v2\/comments?post=690600"}],"wp:featuredmedia":[{"embeddable":true,"href":"https:\/\/streetmarkets.fr\/app\/wp-json\/wp\/v2\/media\/690601"}],"wp:attachment":[{"href":"https:\/\/streetmarkets.fr\/app\/wp-json\/wp\/v2\/media?parent=690600"}],"wp:term":[{"taxonomy":"product_brand","embeddable":true,"href":"https:\/\/streetmarkets.fr\/app\/wp-json\/wp\/v2\/product_brand?post=690600"},{"taxonomy":"product_cat","embeddable":true,"href":"https:\/\/streetmarkets.fr\/app\/wp-json\/wp\/v2\/product_cat?post=690600"},{"taxonomy":"product_tag","embeddable":true,"href":"https:\/\/streetmarkets.fr\/app\/wp-json\/wp\/v2\/product_tag?post=690600"}],"curies":[{"name":"wp","href":"https:\/\/api.w.org\/{rel}","templated":true}]}}