{"id":690583,"date":"2024-10-14T15:38:21","date_gmt":"2024-10-14T13:38:21","guid":{"rendered":"https:\/\/streetmarkets.fr\/app\/produit\/pull-hoodie-oversize-leger-h24-homme-navy\/"},"modified":"2025-01-03T01:08:35","modified_gmt":"2025-01-03T00:08:35","slug":"pull-hoodie-oversize-leger-h24-homme-navy","status":"publish","type":"product","link":"https:\/\/streetmarkets.fr\/app\/produit\/pull-hoodie-oversize-leger-h24-homme-navy\/","title":{"rendered":"Pull Hoodie Oversize L\u00e9ger (H24 \/ HOMME \/ Navy)"},"content":{"rendered":"<p>Confectionn\u00e9 en cachemire 2 fils, ce pull hoodie conjugue l\u00e9g\u00e8ret\u00e9 et douceur pour accompagner tous vos looks. Oversize, il d\u00e9voile une capuche \u00e0 cordons, une poche avant, des manches longues et des bords c\u00f4tel\u00e9s. Adoptez un look chic et casual en le mixant \u00e0 un pantalon structur\u00e9 ou un jean ample.<\/p>\n<p>&#8211; Pull hoodie en cachemire l\u00e9ger 2 fils certifi\u00e9 GCS\u00ae Homme<br \/>\n<br \/>&#8211; Capuche \u00e0 cordons<br \/>\n<br \/>&#8211; Manches longues<br \/>\n<br \/>&#8211; Poche avant<br \/>\n<br \/>&#8211; Bords c\u00f4tel\u00e9s<br \/>\n<br \/>&#8211; Coupe oversize<br \/>\n<br \/>&#8211; Le Good Cashmere Standard\u00ae (GCS) est une norme ind\u00e9pendante pour un cachemire plus durable et plus responsable. Il vise \u00e0 am\u00e9liorer le bien-\u00eatre des ch\u00e8vres cachemire, les conditions de travail des \u00e9leveurs ainsi qu&#8217;\u00e0 prot\u00e9ger l&#8217;environnement.<\/p>\n","protected":false},"excerpt":{"rendered":"<p>Confectionn\u00e9 en cachemire 2 fils, ce pull hoodie conjugue l\u00e9g\u00e8ret\u00e9 et douceur pour accompagner tous vos looks. Oversize, il d\u00e9voile une capuche \u00e0 cordons, une poche avant, des manches longues et des bords c\u00f4tel\u00e9s. Adoptez un look chic et casual en le mixant \u00e0 un pantalon structur\u00e9 ou un jean ample. &#8211; Pull hoodie en [&hellip;]<\/p>\n","protected":false},"featured_media":690584,"comment_status":"open","ping_status":"closed","template":"","meta":[],"product_brand":[6868],"product_cat":[1756,1758],"product_tag":[2244],"acf":[],"_links":{"self":[{"href":"https:\/\/streetmarkets.fr\/app\/wp-json\/wp\/v2\/product\/690583"}],"collection":[{"href":"https:\/\/streetmarkets.fr\/app\/wp-json\/wp\/v2\/product"}],"about":[{"href":"https:\/\/streetmarkets.fr\/app\/wp-json\/wp\/v2\/types\/product"}],"replies":[{"embeddable":true,"href":"https:\/\/streetmarkets.fr\/app\/wp-json\/wp\/v2\/comments?post=690583"}],"wp:featuredmedia":[{"embeddable":true,"href":"https:\/\/streetmarkets.fr\/app\/wp-json\/wp\/v2\/media\/690584"}],"wp:attachment":[{"href":"https:\/\/streetmarkets.fr\/app\/wp-json\/wp\/v2\/media?parent=690583"}],"wp:term":[{"taxonomy":"product_brand","embeddable":true,"href":"https:\/\/streetmarkets.fr\/app\/wp-json\/wp\/v2\/product_brand?post=690583"},{"taxonomy":"product_cat","embeddable":true,"href":"https:\/\/streetmarkets.fr\/app\/wp-json\/wp\/v2\/product_cat?post=690583"},{"taxonomy":"product_tag","embeddable":true,"href":"https:\/\/streetmarkets.fr\/app\/wp-json\/wp\/v2\/product_tag?post=690583"}],"curies":[{"name":"wp","href":"https:\/\/api.w.org\/{rel}","templated":true}]}}