{"id":690574,"date":"2024-10-14T15:38:21","date_gmt":"2024-10-14T13:38:21","guid":{"rendered":"https:\/\/streetmarkets.fr\/app\/produit\/echarpe-a-franges-h24-accessoires-pink-mouline\/"},"modified":"2025-02-24T01:05:05","modified_gmt":"2025-02-24T00:05:05","slug":"echarpe-a-franges-h24-accessoires-pink-mouline","status":"publish","type":"product","link":"https:\/\/streetmarkets.fr\/app\/produit\/echarpe-a-franges-h24-accessoires-pink-mouline\/","title":{"rendered":"Echarpe A Franges (H24 \/ ACCESSOIRES \/ Pink Mouline)"},"content":{"rendered":"<p>Une maille douce, orn\u00e9e de fils fantaisie, s&#8217;invite sur cette \u00e9charpe confectionn\u00e9e en cachemire. Orn\u00e9e de franges, elle vient r\u00e9chauffer votre allure avec une touche d&#8217;\u00e9clat.<\/p>\n<p>&#8211; \u00c9charpe en cachemire certifi\u00e9 GCS\u00ae Femme<br \/>\n<br \/>&#8211; Fils fantaisies<br \/>\n<br \/>&#8211; Franges<br \/>\n<br \/>&#8211; Coupe regular<br \/>\n<br \/>&#8211; Le Good Cashmere Standard\u00ae (GCS) est une norme ind\u00e9pendante pour un cachemire plus durable et plus responsable. Il vise \u00e0 am\u00e9liorer le bien-\u00eatre des ch\u00e8vres cachemire, les conditions de travail des \u00e9leveurs ainsi qu&#8217;\u00e0 prot\u00e9ger l&#8217;environnement.<\/p>\n","protected":false},"excerpt":{"rendered":"<p>Une maille douce, orn\u00e9e de fils fantaisie, s&#8217;invite sur cette \u00e9charpe confectionn\u00e9e en cachemire. Orn\u00e9e de franges, elle vient r\u00e9chauffer votre allure avec une touche d&#8217;\u00e9clat. &#8211; \u00c9charpe en cachemire certifi\u00e9 GCS\u00ae Femme &#8211; Fils fantaisies &#8211; Franges &#8211; Coupe regular &#8211; Le Good Cashmere Standard\u00ae (GCS) est une norme ind\u00e9pendante pour un cachemire plus [&hellip;]<\/p>\n","protected":false},"featured_media":690575,"comment_status":"open","ping_status":"closed","template":"","meta":[],"product_brand":[6868],"product_cat":[1756,1764],"product_tag":[2244],"acf":[],"_links":{"self":[{"href":"https:\/\/streetmarkets.fr\/app\/wp-json\/wp\/v2\/product\/690574"}],"collection":[{"href":"https:\/\/streetmarkets.fr\/app\/wp-json\/wp\/v2\/product"}],"about":[{"href":"https:\/\/streetmarkets.fr\/app\/wp-json\/wp\/v2\/types\/product"}],"replies":[{"embeddable":true,"href":"https:\/\/streetmarkets.fr\/app\/wp-json\/wp\/v2\/comments?post=690574"}],"wp:featuredmedia":[{"embeddable":true,"href":"https:\/\/streetmarkets.fr\/app\/wp-json\/wp\/v2\/media\/690575"}],"wp:attachment":[{"href":"https:\/\/streetmarkets.fr\/app\/wp-json\/wp\/v2\/media?parent=690574"}],"wp:term":[{"taxonomy":"product_brand","embeddable":true,"href":"https:\/\/streetmarkets.fr\/app\/wp-json\/wp\/v2\/product_brand?post=690574"},{"taxonomy":"product_cat","embeddable":true,"href":"https:\/\/streetmarkets.fr\/app\/wp-json\/wp\/v2\/product_cat?post=690574"},{"taxonomy":"product_tag","embeddable":true,"href":"https:\/\/streetmarkets.fr\/app\/wp-json\/wp\/v2\/product_tag?post=690574"}],"curies":[{"name":"wp","href":"https:\/\/api.w.org\/{rel}","templated":true}]}}