{"id":690542,"date":"2024-10-14T15:38:20","date_gmt":"2024-10-14T13:38:20","guid":{"rendered":"https:\/\/streetmarkets.fr\/app\/produit\/casquette-a-visiere-courbee-velours-cotele-h24-accessoires-sable\/"},"modified":"2025-03-10T01:07:09","modified_gmt":"2025-03-10T00:07:09","slug":"casquette-a-visiere-courbee-velours-cotele-h24-accessoires-sable","status":"publish","type":"product","link":"https:\/\/streetmarkets.fr\/app\/produit\/casquette-a-visiere-courbee-velours-cotele-h24-accessoires-sable\/","title":{"rendered":"Casquette \u00e0 Visi\u00e8re Courb\u00e9e Velours Cotel\u00e9 (H24 \/ ACCESSOIRES \/ Sable)"},"content":{"rendered":"<p>C&#8217;est l&#8217;accessoire incontournable pour une allure casual : la casquette From Future se d\u00e9cline cette saison dans une version velours c\u00f4tel\u00e9e, orn\u00e9e de patchs brod\u00e9s signatures. Elle est munie d&#8217;une visi\u00e8re courb\u00e9e et d&#8217;une sangle ajustable au dos.<\/p>\n<p>&#8211; Casquette en velours c\u00f4tel\u00e9<br \/>\n<br \/>&#8211; Patchs contrast\u00e9s Future<br \/>\n<br \/>&#8211; Visi\u00e8re courb\u00e9e<br \/>\n<br \/>&#8211; Sangle ajustable<br \/>\n<br \/>&#8211; Taille unique<\/p>\n","protected":false},"excerpt":{"rendered":"<p>C&#8217;est l&#8217;accessoire incontournable pour une allure casual : la casquette From Future se d\u00e9cline cette saison dans une version velours c\u00f4tel\u00e9e, orn\u00e9e de patchs brod\u00e9s signatures. Elle est munie d&#8217;une visi\u00e8re courb\u00e9e et d&#8217;une sangle ajustable au dos. &#8211; Casquette en velours c\u00f4tel\u00e9 &#8211; Patchs contrast\u00e9s Future &#8211; Visi\u00e8re courb\u00e9e &#8211; Sangle ajustable &#8211; Taille [&hellip;]<\/p>\n","protected":false},"featured_media":690543,"comment_status":"open","ping_status":"closed","template":"","meta":[],"product_brand":[6868],"product_cat":[1756,1764],"product_tag":[2244],"acf":[],"_links":{"self":[{"href":"https:\/\/streetmarkets.fr\/app\/wp-json\/wp\/v2\/product\/690542"}],"collection":[{"href":"https:\/\/streetmarkets.fr\/app\/wp-json\/wp\/v2\/product"}],"about":[{"href":"https:\/\/streetmarkets.fr\/app\/wp-json\/wp\/v2\/types\/product"}],"replies":[{"embeddable":true,"href":"https:\/\/streetmarkets.fr\/app\/wp-json\/wp\/v2\/comments?post=690542"}],"wp:featuredmedia":[{"embeddable":true,"href":"https:\/\/streetmarkets.fr\/app\/wp-json\/wp\/v2\/media\/690543"}],"wp:attachment":[{"href":"https:\/\/streetmarkets.fr\/app\/wp-json\/wp\/v2\/media?parent=690542"}],"wp:term":[{"taxonomy":"product_brand","embeddable":true,"href":"https:\/\/streetmarkets.fr\/app\/wp-json\/wp\/v2\/product_brand?post=690542"},{"taxonomy":"product_cat","embeddable":true,"href":"https:\/\/streetmarkets.fr\/app\/wp-json\/wp\/v2\/product_cat?post=690542"},{"taxonomy":"product_tag","embeddable":true,"href":"https:\/\/streetmarkets.fr\/app\/wp-json\/wp\/v2\/product_tag?post=690542"}],"curies":[{"name":"wp","href":"https:\/\/api.w.org\/{rel}","templated":true}]}}