{"id":690527,"date":"2024-10-14T15:38:19","date_gmt":"2024-10-14T13:38:19","guid":{"rendered":"https:\/\/streetmarkets.fr\/app\/produit\/casquette-a-visiere-courbee-coeur-brode-h24-accessoires-taupe\/"},"modified":"2025-04-09T01:49:33","modified_gmt":"2025-04-08T23:49:33","slug":"casquette-a-visiere-courbee-coeur-brode-h24-accessoires-taupe","status":"publish","type":"product","link":"https:\/\/streetmarkets.fr\/app\/produit\/casquette-a-visiere-courbee-coeur-brode-h24-accessoires-taupe\/","title":{"rendered":"Casquette \u00e0 Visi\u00e8re Courb\u00e9e Coeur Brod\u00e9 (H24 \/ ACCESSOIRES \/ Taupe)"},"content":{"rendered":"<p>Orn\u00e9e d&#8217;un c\u0153ur brod\u00e9 et contrast\u00e9 \u00e0 l&#8217;avant, cette casquette en coton, munie d&#8217;une sangle ajustable,est une v\u00e9ritable d\u00e9claration de style. <\/p>\n<p>&#8211; Casquette en coton<br \/>\n<br \/>&#8211; Broderie c\u0153ur<br \/>\n<br \/>&#8211; Visi\u00e8re courb\u00e9e<br \/>\n<br \/>&#8211; Sangle ajustable<br \/>\n<br \/>&#8211; Taille unique<\/p>\n","protected":false},"excerpt":{"rendered":"<p>Orn\u00e9e d&#8217;un c\u0153ur brod\u00e9 et contrast\u00e9 \u00e0 l&#8217;avant, cette casquette en coton, munie d&#8217;une sangle ajustable,est une v\u00e9ritable d\u00e9claration de style. &#8211; Casquette en coton &#8211; Broderie c\u0153ur &#8211; Visi\u00e8re courb\u00e9e &#8211; Sangle ajustable &#8211; Taille unique<\/p>\n","protected":false},"featured_media":690528,"comment_status":"open","ping_status":"closed","template":"","meta":[],"product_brand":[6868],"product_cat":[1756,1764],"product_tag":[2244],"acf":[],"_links":{"self":[{"href":"https:\/\/streetmarkets.fr\/app\/wp-json\/wp\/v2\/product\/690527"}],"collection":[{"href":"https:\/\/streetmarkets.fr\/app\/wp-json\/wp\/v2\/product"}],"about":[{"href":"https:\/\/streetmarkets.fr\/app\/wp-json\/wp\/v2\/types\/product"}],"replies":[{"embeddable":true,"href":"https:\/\/streetmarkets.fr\/app\/wp-json\/wp\/v2\/comments?post=690527"}],"wp:featuredmedia":[{"embeddable":true,"href":"https:\/\/streetmarkets.fr\/app\/wp-json\/wp\/v2\/media\/690528"}],"wp:attachment":[{"href":"https:\/\/streetmarkets.fr\/app\/wp-json\/wp\/v2\/media?parent=690527"}],"wp:term":[{"taxonomy":"product_brand","embeddable":true,"href":"https:\/\/streetmarkets.fr\/app\/wp-json\/wp\/v2\/product_brand?post=690527"},{"taxonomy":"product_cat","embeddable":true,"href":"https:\/\/streetmarkets.fr\/app\/wp-json\/wp\/v2\/product_cat?post=690527"},{"taxonomy":"product_tag","embeddable":true,"href":"https:\/\/streetmarkets.fr\/app\/wp-json\/wp\/v2\/product_tag?post=690527"}],"curies":[{"name":"wp","href":"https:\/\/api.w.org\/{rel}","templated":true}]}}