{"id":690497,"date":"2024-10-14T15:38:19","date_gmt":"2024-10-14T13:38:19","guid":{"rendered":"https:\/\/streetmarkets.fr\/app\/produit\/casquette-a-visiere-courbee-love-club-h24-accessoires-sable\/"},"modified":"2025-03-15T01:03:24","modified_gmt":"2025-03-15T00:03:24","slug":"casquette-a-visiere-courbee-love-club-h24-accessoires-sable","status":"publish","type":"product","link":"https:\/\/streetmarkets.fr\/app\/produit\/casquette-a-visiere-courbee-love-club-h24-accessoires-sable\/","title":{"rendered":"Casquette \u00e0 Visi\u00e8re Courb\u00e9e Love Club (H24 \/ ACCESSOIRES \/ Sable)"},"content":{"rendered":"<p>L&#8217;accessoire incontournable pour signer votre silhouette From Future? Cette casquette en coton munie d&#8217;une visi\u00e8re courb\u00e9e et d&#8217;une sangle ajustable au dos. Elle affiche une broderie contrast\u00e9e &#8220;Love Club&#8221;, vous invitant \u00e0 rejoindre le club ! <\/p>\n<p>&#8211; Casquette en coton<br \/>\n<br \/>&#8211; Broderie Love Club<br \/>\n<br \/>&#8211; Visi\u00e8re courb\u00e9e<br \/>\n<br \/>&#8211; Sangle ajustable<br \/>\n<br \/>&#8211; Taille unique<\/p>\n","protected":false},"excerpt":{"rendered":"<p>L&#8217;accessoire incontournable pour signer votre silhouette From Future? Cette casquette en coton munie d&#8217;une visi\u00e8re courb\u00e9e et d&#8217;une sangle ajustable au dos. Elle affiche une broderie contrast\u00e9e &#8220;Love Club&#8221;, vous invitant \u00e0 rejoindre le club ! &#8211; Casquette en coton &#8211; Broderie Love Club &#8211; Visi\u00e8re courb\u00e9e &#8211; Sangle ajustable &#8211; Taille unique<\/p>\n","protected":false},"featured_media":690498,"comment_status":"open","ping_status":"closed","template":"","meta":[],"product_brand":[6868],"product_cat":[1756,1764],"product_tag":[2244],"acf":[],"_links":{"self":[{"href":"https:\/\/streetmarkets.fr\/app\/wp-json\/wp\/v2\/product\/690497"}],"collection":[{"href":"https:\/\/streetmarkets.fr\/app\/wp-json\/wp\/v2\/product"}],"about":[{"href":"https:\/\/streetmarkets.fr\/app\/wp-json\/wp\/v2\/types\/product"}],"replies":[{"embeddable":true,"href":"https:\/\/streetmarkets.fr\/app\/wp-json\/wp\/v2\/comments?post=690497"}],"wp:featuredmedia":[{"embeddable":true,"href":"https:\/\/streetmarkets.fr\/app\/wp-json\/wp\/v2\/media\/690498"}],"wp:attachment":[{"href":"https:\/\/streetmarkets.fr\/app\/wp-json\/wp\/v2\/media?parent=690497"}],"wp:term":[{"taxonomy":"product_brand","embeddable":true,"href":"https:\/\/streetmarkets.fr\/app\/wp-json\/wp\/v2\/product_brand?post=690497"},{"taxonomy":"product_cat","embeddable":true,"href":"https:\/\/streetmarkets.fr\/app\/wp-json\/wp\/v2\/product_cat?post=690497"},{"taxonomy":"product_tag","embeddable":true,"href":"https:\/\/streetmarkets.fr\/app\/wp-json\/wp\/v2\/product_tag?post=690497"}],"curies":[{"name":"wp","href":"https:\/\/api.w.org\/{rel}","templated":true}]}}