{"id":690430,"date":"2024-10-14T15:37:48","date_gmt":"2024-10-14T13:37:48","guid":{"rendered":"https:\/\/streetmarkets.fr\/app\/produit\/pull-col-rond-basique-h24-homme-kaki\/"},"modified":"2024-12-15T01:16:40","modified_gmt":"2024-12-15T00:16:40","slug":"pull-col-rond-basique-h24-homme-kaki","status":"publish","type":"product","link":"https:\/\/streetmarkets.fr\/app\/produit\/pull-col-rond-basique-h24-homme-kaki\/","title":{"rendered":"Pull Col Rond Basique (H24 \/ HOMME \/ Kaki)"},"content":{"rendered":"<p>Un intemporel revisit\u00e9 dans un colorama in\u00e9dit. Confectionn\u00e9 en cachemire 2 fils, ce pull d\u00e9voile une maille infiniment douce et une coupe impeccable. Muni d&#8217;un col rond, de manches longues et de bords c\u00f4tel\u00e9s, il s&#8217;associe \u00e0 un pantalon droit pour un look structur\u00e9 ou \u00e0 un jean pour une tenue plus d\u00e9contract\u00e9e.<\/p>\n<p>&#8211; Pull en cachemire 2 fils certifi\u00e9 GCS\u00ae Homme<br \/>\n<br \/>&#8211; Col rond<br \/>\n<br \/>&#8211; Manches longues<br \/>\n<br \/>&#8211; Bords c\u00f4tel\u00e9s<br \/>\n<br \/>&#8211; Coupe regular<br \/>\n<br \/>&#8211; Le Good Cashmere Standard\u00ae (GCS) est une norme ind\u00e9pendante pour un cachemire plus durable et plus responsable. Il vise \u00e0 am\u00e9liorer le bien-\u00eatre des ch\u00e8vres cachemire, les conditions de travail des \u00e9leveurs ainsi qu&#8217;\u00e0 prot\u00e9ger l&#8217;environnement.<\/p>\n","protected":false},"excerpt":{"rendered":"<p>Un intemporel revisit\u00e9 dans un colorama in\u00e9dit. Confectionn\u00e9 en cachemire 2 fils, ce pull d\u00e9voile une maille infiniment douce et une coupe impeccable. Muni d&#8217;un col rond, de manches longues et de bords c\u00f4tel\u00e9s, il s&#8217;associe \u00e0 un pantalon droit pour un look structur\u00e9 ou \u00e0 un jean pour une tenue plus d\u00e9contract\u00e9e. &#8211; Pull [&hellip;]<\/p>\n","protected":false},"featured_media":690431,"comment_status":"open","ping_status":"closed","template":"","meta":[],"product_brand":[6868],"product_cat":[1756,1758],"product_tag":[2244],"acf":[],"_links":{"self":[{"href":"https:\/\/streetmarkets.fr\/app\/wp-json\/wp\/v2\/product\/690430"}],"collection":[{"href":"https:\/\/streetmarkets.fr\/app\/wp-json\/wp\/v2\/product"}],"about":[{"href":"https:\/\/streetmarkets.fr\/app\/wp-json\/wp\/v2\/types\/product"}],"replies":[{"embeddable":true,"href":"https:\/\/streetmarkets.fr\/app\/wp-json\/wp\/v2\/comments?post=690430"}],"wp:featuredmedia":[{"embeddable":true,"href":"https:\/\/streetmarkets.fr\/app\/wp-json\/wp\/v2\/media\/690431"}],"wp:attachment":[{"href":"https:\/\/streetmarkets.fr\/app\/wp-json\/wp\/v2\/media?parent=690430"}],"wp:term":[{"taxonomy":"product_brand","embeddable":true,"href":"https:\/\/streetmarkets.fr\/app\/wp-json\/wp\/v2\/product_brand?post=690430"},{"taxonomy":"product_cat","embeddable":true,"href":"https:\/\/streetmarkets.fr\/app\/wp-json\/wp\/v2\/product_cat?post=690430"},{"taxonomy":"product_tag","embeddable":true,"href":"https:\/\/streetmarkets.fr\/app\/wp-json\/wp\/v2\/product_tag?post=690430"}],"curies":[{"name":"wp","href":"https:\/\/api.w.org\/{rel}","templated":true}]}}