{"id":690334,"date":"2024-10-14T15:37:43","date_gmt":"2024-10-14T13:37:43","guid":{"rendered":"https:\/\/streetmarkets.fr\/app\/produit\/short-bermuda-h24-femme-gris-chine-fonce\/"},"modified":"2025-02-04T01:05:07","modified_gmt":"2025-02-04T00:05:07","slug":"short-bermuda-h24-femme-gris-chine-fonce","status":"publish","type":"product","link":"https:\/\/streetmarkets.fr\/app\/produit\/short-bermuda-h24-femme-gris-chine-fonce\/","title":{"rendered":"Short Bermuda (H24 \/ FEMME \/ Gris Chin\u00e9 Fonc\u00e9)"},"content":{"rendered":"<p>Une maille douce s&#8217;invite sur ce short bermuda confectionn\u00e9 en cachemire. Ajust\u00e9 \u00e0 la taille, il d\u00e9voile deux poches et des bords c\u00f4tel\u00e9s. Avec un style chic d\u00e9contract\u00e9, il se porte sans effort avec un t-shirt ample ou une chemise fluide.<\/p>\n<p>&#8211; Short bermuda en cachemire certifi\u00e9 GCS\u00ae Femme<br \/>\n<br \/>&#8211; Taille \u00e9lastiqu\u00e9e<br \/>\n<br \/>&#8211; 2 poches<br \/>\n<br \/>&#8211; Bords c\u00f4tel\u00e9s<br \/>\n<br \/>&#8211; Coupe regular<br \/>\n<br \/>&#8211; Le Good Cashmere Standard\u00ae (GCS) est une norme ind\u00e9pendante pour un cachemire plus durable et plus responsable. Il vise \u00e0 am\u00e9liorer le bien-\u00eatre des ch\u00e8vres cachemire, les conditions de travail des \u00e9leveurs ainsi qu&#8217;\u00e0 prot\u00e9ger l&#8217;environnement.<br \/>&#8211; <u>Cachemire 4 fils<\/u> <\/p>\n","protected":false},"excerpt":{"rendered":"<p>Une maille douce s&#8217;invite sur ce short bermuda confectionn\u00e9 en cachemire. Ajust\u00e9 \u00e0 la taille, il d\u00e9voile deux poches et des bords c\u00f4tel\u00e9s. Avec un style chic d\u00e9contract\u00e9, il se porte sans effort avec un t-shirt ample ou une chemise fluide. &#8211; Short bermuda en cachemire certifi\u00e9 GCS\u00ae Femme &#8211; Taille \u00e9lastiqu\u00e9e &#8211; 2 poches [&hellip;]<\/p>\n","protected":false},"featured_media":690335,"comment_status":"open","ping_status":"closed","template":"","meta":[],"product_brand":[6868],"product_cat":[1756,1762],"product_tag":[2244],"acf":[],"_links":{"self":[{"href":"https:\/\/streetmarkets.fr\/app\/wp-json\/wp\/v2\/product\/690334"}],"collection":[{"href":"https:\/\/streetmarkets.fr\/app\/wp-json\/wp\/v2\/product"}],"about":[{"href":"https:\/\/streetmarkets.fr\/app\/wp-json\/wp\/v2\/types\/product"}],"replies":[{"embeddable":true,"href":"https:\/\/streetmarkets.fr\/app\/wp-json\/wp\/v2\/comments?post=690334"}],"wp:featuredmedia":[{"embeddable":true,"href":"https:\/\/streetmarkets.fr\/app\/wp-json\/wp\/v2\/media\/690335"}],"wp:attachment":[{"href":"https:\/\/streetmarkets.fr\/app\/wp-json\/wp\/v2\/media?parent=690334"}],"wp:term":[{"taxonomy":"product_brand","embeddable":true,"href":"https:\/\/streetmarkets.fr\/app\/wp-json\/wp\/v2\/product_brand?post=690334"},{"taxonomy":"product_cat","embeddable":true,"href":"https:\/\/streetmarkets.fr\/app\/wp-json\/wp\/v2\/product_cat?post=690334"},{"taxonomy":"product_tag","embeddable":true,"href":"https:\/\/streetmarkets.fr\/app\/wp-json\/wp\/v2\/product_tag?post=690334"}],"curies":[{"name":"wp","href":"https:\/\/api.w.org\/{rel}","templated":true}]}}