{"id":690313,"date":"2024-10-14T15:37:43","date_gmt":"2024-10-14T13:37:43","guid":{"rendered":"https:\/\/streetmarkets.fr\/app\/produit\/pull-col-camionneur-tricolore-h24-femme-dreamy-pink\/"},"modified":"2025-01-29T01:03:18","modified_gmt":"2025-01-29T00:03:18","slug":"pull-col-camionneur-tricolore-h24-femme-dreamy-pink","status":"publish","type":"product","link":"https:\/\/streetmarkets.fr\/app\/produit\/pull-col-camionneur-tricolore-h24-femme-dreamy-pink\/","title":{"rendered":"Pull Col Camionneur Tricolore (H24 \/ FEMME \/ Dreamy Pink)"},"content":{"rendered":"<p>Coupe impeccable et lignes affirm\u00e9es : ce pull tricolore se pare de bandes contrast\u00e9es pour une allure \u00e9l\u00e9gante et structur\u00e9e. Confectionn\u00e9 en cachemire, il d\u00e9voile un col camionneur, des manches longues et des bords c\u00f4tel\u00e9s. R\u00e9solument audacieux, il s&#8217;associe avec un jean structur\u00e9e ou une jupe fluide.<\/p>\n<p>&#8211; Pull tricolore en cachemire certifi\u00e9 GCS\u00ae Femme<br \/>\n<br \/>&#8211; Bandes contrast\u00e9es<br \/>\n<br \/>&#8211; Col camionneur<br \/>\n<br \/>&#8211; Manches longues<br \/>\n<br \/>&#8211; Bords c\u00f4tel\u00e9s<br \/>\n<br \/>&#8211; Coupe regular<br \/>\n<br \/>&#8211; Le Good Cashmere Standard\u00ae (GCS) est une norme ind\u00e9pendante pour un cachemire plus durable et plus responsable. Il vise \u00e0 am\u00e9liorer le bien-\u00eatre des ch\u00e8vres cachemire, les conditions de travail des \u00e9leveurs ainsi qu&#8217;\u00e0 prot\u00e9ger l&#8217;environnement.<br \/>&#8211; <u>Cachemire 6 fils<\/u> <\/p>\n","protected":false},"excerpt":{"rendered":"<p>Coupe impeccable et lignes affirm\u00e9es : ce pull tricolore se pare de bandes contrast\u00e9es pour une allure \u00e9l\u00e9gante et structur\u00e9e. Confectionn\u00e9 en cachemire, il d\u00e9voile un col camionneur, des manches longues et des bords c\u00f4tel\u00e9s. R\u00e9solument audacieux, il s&#8217;associe avec un jean structur\u00e9e ou une jupe fluide. &#8211; Pull tricolore en cachemire certifi\u00e9 GCS\u00ae Femme [&hellip;]<\/p>\n","protected":false},"featured_media":690314,"comment_status":"open","ping_status":"closed","template":"","meta":[],"product_brand":[6868],"product_cat":[1756,1762],"product_tag":[2244],"acf":[],"_links":{"self":[{"href":"https:\/\/streetmarkets.fr\/app\/wp-json\/wp\/v2\/product\/690313"}],"collection":[{"href":"https:\/\/streetmarkets.fr\/app\/wp-json\/wp\/v2\/product"}],"about":[{"href":"https:\/\/streetmarkets.fr\/app\/wp-json\/wp\/v2\/types\/product"}],"replies":[{"embeddable":true,"href":"https:\/\/streetmarkets.fr\/app\/wp-json\/wp\/v2\/comments?post=690313"}],"wp:featuredmedia":[{"embeddable":true,"href":"https:\/\/streetmarkets.fr\/app\/wp-json\/wp\/v2\/media\/690314"}],"wp:attachment":[{"href":"https:\/\/streetmarkets.fr\/app\/wp-json\/wp\/v2\/media?parent=690313"}],"wp:term":[{"taxonomy":"product_brand","embeddable":true,"href":"https:\/\/streetmarkets.fr\/app\/wp-json\/wp\/v2\/product_brand?post=690313"},{"taxonomy":"product_cat","embeddable":true,"href":"https:\/\/streetmarkets.fr\/app\/wp-json\/wp\/v2\/product_cat?post=690313"},{"taxonomy":"product_tag","embeddable":true,"href":"https:\/\/streetmarkets.fr\/app\/wp-json\/wp\/v2\/product_tag?post=690313"}],"curies":[{"name":"wp","href":"https:\/\/api.w.org\/{rel}","templated":true}]}}