{"id":690302,"date":"2024-10-14T15:37:42","date_gmt":"2024-10-14T13:37:42","guid":{"rendered":"https:\/\/streetmarkets.fr\/app\/produit\/pull-cardigan-bicolore-leger-h24-femme-raspberry-pink\/"},"modified":"2025-02-28T01:05:44","modified_gmt":"2025-02-28T00:05:44","slug":"pull-cardigan-bicolore-leger-h24-femme-raspberry-pink","status":"publish","type":"product","link":"https:\/\/streetmarkets.fr\/app\/produit\/pull-cardigan-bicolore-leger-h24-femme-raspberry-pink\/","title":{"rendered":"Pull Cardigan Bicolore L\u00e9ger (H24 \/ FEMME \/ Raspberry Pink)"},"content":{"rendered":"<p>Confectionn\u00e9 en cachemire, ce cardigan bicolore conf\u00e8re une allure sophistiqu\u00e9e tout en l\u00e9g\u00e8ret\u00e9. Dot\u00e9 de manches longues et d&#8217;une fermeture boutonn\u00e9e, un d\u00e9collet\u00e9 en V et des bords contrast\u00e9s viennent structurer la silhouette. \u00c0 porter seul ou en superposition, mixez-le \u00e0 un jean d\u00e9contract\u00e9 ou une jupe fluide.<\/p>\n<p>&#8211; Pull cardigan en cachemire l\u00e9ger certifi\u00e9 GCS\u00ae Femme<br \/>\n<br \/>&#8211; Bicolore<br \/>\n<br \/>&#8211; Col V<br \/>\n<br \/>&#8211; Fermeture boutonn\u00e9e<br \/>\n<br \/>&#8211; Manches longues<br \/>\n<br \/>&#8211; Bords c\u00f4tel\u00e9s<br \/>\n<br \/>&#8211; Coupe regular<br \/>\n<br \/>&#8211; Le Good Cashmere Standard\u00ae (GCS) est une norme ind\u00e9pendante pour un cachemire plus durable et plus responsable. Il vise \u00e0 am\u00e9liorer le bien-\u00eatre des ch\u00e8vres cachemire, les conditions de travail des \u00e9leveurs ainsi qu&#8217;\u00e0 prot\u00e9ger l&#8217;environnement.<br \/>&#8211; <u>Cachemire 2 fils<\/u> <\/p>\n","protected":false},"excerpt":{"rendered":"<p>Confectionn\u00e9 en cachemire, ce cardigan bicolore conf\u00e8re une allure sophistiqu\u00e9e tout en l\u00e9g\u00e8ret\u00e9. Dot\u00e9 de manches longues et d&#8217;une fermeture boutonn\u00e9e, un d\u00e9collet\u00e9 en V et des bords contrast\u00e9s viennent structurer la silhouette. \u00c0 porter seul ou en superposition, mixez-le \u00e0 un jean d\u00e9contract\u00e9 ou une jupe fluide. &#8211; Pull cardigan en cachemire l\u00e9ger certifi\u00e9 [&hellip;]<\/p>\n","protected":false},"featured_media":690303,"comment_status":"open","ping_status":"closed","template":"","meta":[],"product_brand":[6868],"product_cat":[1756,1762],"product_tag":[2244],"acf":[],"_links":{"self":[{"href":"https:\/\/streetmarkets.fr\/app\/wp-json\/wp\/v2\/product\/690302"}],"collection":[{"href":"https:\/\/streetmarkets.fr\/app\/wp-json\/wp\/v2\/product"}],"about":[{"href":"https:\/\/streetmarkets.fr\/app\/wp-json\/wp\/v2\/types\/product"}],"replies":[{"embeddable":true,"href":"https:\/\/streetmarkets.fr\/app\/wp-json\/wp\/v2\/comments?post=690302"}],"wp:featuredmedia":[{"embeddable":true,"href":"https:\/\/streetmarkets.fr\/app\/wp-json\/wp\/v2\/media\/690303"}],"wp:attachment":[{"href":"https:\/\/streetmarkets.fr\/app\/wp-json\/wp\/v2\/media?parent=690302"}],"wp:term":[{"taxonomy":"product_brand","embeddable":true,"href":"https:\/\/streetmarkets.fr\/app\/wp-json\/wp\/v2\/product_brand?post=690302"},{"taxonomy":"product_cat","embeddable":true,"href":"https:\/\/streetmarkets.fr\/app\/wp-json\/wp\/v2\/product_cat?post=690302"},{"taxonomy":"product_tag","embeddable":true,"href":"https:\/\/streetmarkets.fr\/app\/wp-json\/wp\/v2\/product_tag?post=690302"}],"curies":[{"name":"wp","href":"https:\/\/api.w.org\/{rel}","templated":true}]}}