{"id":690262,"date":"2024-10-14T15:37:40","date_gmt":"2024-10-14T13:37:40","guid":{"rendered":"https:\/\/streetmarkets.fr\/app\/produit\/pull-col-rond-torsades-multicolore-h24-femme-ecru-100-cachemire\/"},"modified":"2025-03-10T01:09:22","modified_gmt":"2025-03-10T00:09:22","slug":"pull-col-rond-torsades-multicolore-h24-femme-ecru-100-cachemire","status":"publish","type":"product","link":"https:\/\/streetmarkets.fr\/app\/produit\/pull-col-rond-torsades-multicolore-h24-femme-ecru-100-cachemire\/","title":{"rendered":"Pull Col Rond Torsades Multicolore (H24 \/ FEMME \/ Ecru \/ 100% Cachemire)"},"content":{"rendered":"<p>Confectionn\u00e9 en cachemire, ce pull court et oversize se twiste d&#8217;un jeu de torsades et de broderies multicolores r\u00e9alis\u00e9es \u00e0 la main. Muni d&#8217;un col montant, de manches longues et de bords c\u00f4tel\u00e9s, il vient r\u00e9chauffer votre allure avec un suppl\u00e9ment d&#8217;audace.<\/p>\n<p>&#8211; Pull court en cachemire certifi\u00e9 GCS\u00ae Femme<br \/>\n<br \/>&#8211; Broderies multicolores faites main<br \/>\n<br \/>&#8211; Torsades<br \/>\n<br \/>&#8211; Col montant<br \/>\n<br \/>&#8211; Manches longues<br \/>\n<br \/>&#8211; Bords c\u00f4tel\u00e9s<br \/>\n<br \/>&#8211; Coupe oversize<br \/>\n<br \/>&#8211; Le Good Cashmere Standard\u00ae (GCS) est une norme ind\u00e9pendante pour un cachemire plus durable et plus responsable. Il vise \u00e0 am\u00e9liorer le bien-\u00eatre des ch\u00e8vres cachemire, les conditions de travail des \u00e9leveurs ainsi qu&#8217;\u00e0 prot\u00e9ger l&#8217;environnement.<br \/>&#8211; <u>Cachemire 6 fils<\/u> <\/p>\n","protected":false},"excerpt":{"rendered":"<p>Confectionn\u00e9 en cachemire, ce pull court et oversize se twiste d&#8217;un jeu de torsades et de broderies multicolores r\u00e9alis\u00e9es \u00e0 la main. Muni d&#8217;un col montant, de manches longues et de bords c\u00f4tel\u00e9s, il vient r\u00e9chauffer votre allure avec un suppl\u00e9ment d&#8217;audace. &#8211; Pull court en cachemire certifi\u00e9 GCS\u00ae Femme &#8211; Broderies multicolores faites main [&hellip;]<\/p>\n","protected":false},"featured_media":690263,"comment_status":"open","ping_status":"closed","template":"","meta":[],"product_brand":[6868],"product_cat":[1756,1762],"product_tag":[2244],"acf":[],"_links":{"self":[{"href":"https:\/\/streetmarkets.fr\/app\/wp-json\/wp\/v2\/product\/690262"}],"collection":[{"href":"https:\/\/streetmarkets.fr\/app\/wp-json\/wp\/v2\/product"}],"about":[{"href":"https:\/\/streetmarkets.fr\/app\/wp-json\/wp\/v2\/types\/product"}],"replies":[{"embeddable":true,"href":"https:\/\/streetmarkets.fr\/app\/wp-json\/wp\/v2\/comments?post=690262"}],"wp:featuredmedia":[{"embeddable":true,"href":"https:\/\/streetmarkets.fr\/app\/wp-json\/wp\/v2\/media\/690263"}],"wp:attachment":[{"href":"https:\/\/streetmarkets.fr\/app\/wp-json\/wp\/v2\/media?parent=690262"}],"wp:term":[{"taxonomy":"product_brand","embeddable":true,"href":"https:\/\/streetmarkets.fr\/app\/wp-json\/wp\/v2\/product_brand?post=690262"},{"taxonomy":"product_cat","embeddable":true,"href":"https:\/\/streetmarkets.fr\/app\/wp-json\/wp\/v2\/product_cat?post=690262"},{"taxonomy":"product_tag","embeddable":true,"href":"https:\/\/streetmarkets.fr\/app\/wp-json\/wp\/v2\/product_tag?post=690262"}],"curies":[{"name":"wp","href":"https:\/\/api.w.org\/{rel}","templated":true}]}}