{"id":690251,"date":"2024-10-14T15:37:40","date_gmt":"2024-10-14T13:37:40","guid":{"rendered":"https:\/\/streetmarkets.fr\/app\/produit\/jogging-large-h24-femme-navy-100-cachemire\/"},"modified":"2025-03-10T01:07:08","modified_gmt":"2025-03-10T00:07:08","slug":"jogging-large-h24-femme-navy-100-cachemire","status":"publish","type":"product","link":"https:\/\/streetmarkets.fr\/app\/produit\/jogging-large-h24-femme-navy-100-cachemire\/","title":{"rendered":"Jogging Large (H24 \/ FEMME \/ Navy \/ 100% Cachemire)"},"content":{"rendered":"<p>Rejoignez le Club avec ce jogging long confectionn\u00e9 en cachemire. \u00c9lastiqu\u00e9 \u00e0 la taille, il d\u00e9voile une signature &#8220;FF&#8221; et des bandes lat\u00e9rales contrast\u00e9es. Associez-le au pull gilet coordonn\u00e9 pour un total look sporty-chic.<\/p>\n<p>&#8211; Jogging long en cachemire certifi\u00e9 GCS\u00ae Femme<br \/>\n<br \/>&#8211; Bandes lat\u00e9rales contrast\u00e9es<br \/>\n<br \/>&#8211; Logo &#8220;FF&#8221;<br \/>\n<br \/>&#8211; \u00c9lastiqu\u00e9e \u00e0 la taille<br \/>\n<br \/>&#8211; Coupe regular<br \/>\n<br \/>&#8211; Le Good Cashmere Standard\u00ae (GCS) est une norme ind\u00e9pendante pour un cachemire plus durable et plus responsable. Il vise \u00e0 am\u00e9liorer le bien-\u00eatre des ch\u00e8vres cachemire, les conditions de travail des \u00e9leveurs ainsi qu&#8217;\u00e0 prot\u00e9ger l&#8217;environnement.<br \/>&#8211; <u>Cachemire 2 fils<\/u> <\/p>\n","protected":false},"excerpt":{"rendered":"<p>Rejoignez le Club avec ce jogging long confectionn\u00e9 en cachemire. \u00c9lastiqu\u00e9 \u00e0 la taille, il d\u00e9voile une signature &#8220;FF&#8221; et des bandes lat\u00e9rales contrast\u00e9es. Associez-le au pull gilet coordonn\u00e9 pour un total look sporty-chic. &#8211; Jogging long en cachemire certifi\u00e9 GCS\u00ae Femme &#8211; Bandes lat\u00e9rales contrast\u00e9es &#8211; Logo &#8220;FF&#8221; &#8211; \u00c9lastiqu\u00e9e \u00e0 la taille &#8211; [&hellip;]<\/p>\n","protected":false},"featured_media":690252,"comment_status":"open","ping_status":"closed","template":"","meta":[],"product_brand":[6868],"product_cat":[1756,1762],"product_tag":[2244],"acf":[],"_links":{"self":[{"href":"https:\/\/streetmarkets.fr\/app\/wp-json\/wp\/v2\/product\/690251"}],"collection":[{"href":"https:\/\/streetmarkets.fr\/app\/wp-json\/wp\/v2\/product"}],"about":[{"href":"https:\/\/streetmarkets.fr\/app\/wp-json\/wp\/v2\/types\/product"}],"replies":[{"embeddable":true,"href":"https:\/\/streetmarkets.fr\/app\/wp-json\/wp\/v2\/comments?post=690251"}],"wp:featuredmedia":[{"embeddable":true,"href":"https:\/\/streetmarkets.fr\/app\/wp-json\/wp\/v2\/media\/690252"}],"wp:attachment":[{"href":"https:\/\/streetmarkets.fr\/app\/wp-json\/wp\/v2\/media?parent=690251"}],"wp:term":[{"taxonomy":"product_brand","embeddable":true,"href":"https:\/\/streetmarkets.fr\/app\/wp-json\/wp\/v2\/product_brand?post=690251"},{"taxonomy":"product_cat","embeddable":true,"href":"https:\/\/streetmarkets.fr\/app\/wp-json\/wp\/v2\/product_cat?post=690251"},{"taxonomy":"product_tag","embeddable":true,"href":"https:\/\/streetmarkets.fr\/app\/wp-json\/wp\/v2\/product_tag?post=690251"}],"curies":[{"name":"wp","href":"https:\/\/api.w.org\/{rel}","templated":true}]}}