{"id":690201,"date":"2024-10-14T15:37:37","date_gmt":"2024-10-14T13:37:37","guid":{"rendered":"https:\/\/streetmarkets.fr\/app\/produit\/robe-longue-manche-longue-decollete-coeur-h24-femme-noir\/"},"modified":"2025-04-30T01:49:22","modified_gmt":"2025-04-29T23:49:22","slug":"robe-longue-manche-longue-decollete-coeur-h24-femme-noir","status":"publish","type":"product","link":"https:\/\/streetmarkets.fr\/app\/produit\/robe-longue-manche-longue-decollete-coeur-h24-femme-noir\/","title":{"rendered":"Robe Longue Manche Longue Decollet\u00e9 Coeur (H24 \/ FEMME \/ Noir \/ 100% Laine M\u00e9rinos RWS )"},"content":{"rendered":"<p>Une maille c\u00f4tel\u00e9e s&#8217;invite sur cette robe longue et ajust\u00e9e, confectionn\u00e9e en laine m\u00e9rinos certifi\u00e9e RWS (Responsible Wool Standard). Munie de manches longues, elle d\u00e9voile un d\u00e9collet\u00e9 en c\u0153ur et une jupe fendue, soulign\u00e9s de liser\u00e9s contrast\u00e9s. \u00c0 porter comme une seconde peau, agr\u00e9mentez-l\u00e0 d&#8217;une paire d&#8217;escarpins pour une tenue sophistiqu\u00e9e ou de sneakers pour un look casual.<\/p>\n<p>&#8211; Robe longue en laine m\u00e9rinos Femme<br \/>\n<br \/>&#8211; C\u00f4tel\u00e9e<br \/>\n<br \/>&#8211; D\u00e9collet\u00e9 c\u0153ur<br \/>\n<br \/>&#8211; Manches longues<br \/>\n<br \/>&#8211; Fente sur le bas<br \/>\n<br \/>&#8211; Bords \u00e0 liser\u00e9s contrast\u00e9s<br \/>\n<br \/>&#8211; Coupe slim<br \/>\n<br \/>&#8211; Laine m\u00e9rinos : respirante et thermor\u00e9gulatrice, elle peut \u00eatre port\u00e9e \u00e9t\u00e9 comme hiver<\/p>\n","protected":false},"excerpt":{"rendered":"<p>Une maille c\u00f4tel\u00e9e s&#8217;invite sur cette robe longue et ajust\u00e9e, confectionn\u00e9e en laine m\u00e9rinos certifi\u00e9e RWS (Responsible Wool Standard). Munie de manches longues, elle d\u00e9voile un d\u00e9collet\u00e9 en c\u0153ur et une jupe fendue, soulign\u00e9s de liser\u00e9s contrast\u00e9s. \u00c0 porter comme une seconde peau, agr\u00e9mentez-l\u00e0 d&#8217;une paire d&#8217;escarpins pour une tenue sophistiqu\u00e9e ou de sneakers pour [&hellip;]<\/p>\n","protected":false},"featured_media":690202,"comment_status":"open","ping_status":"closed","template":"","meta":[],"product_brand":[6868],"product_cat":[1756,1762],"product_tag":[2244],"acf":[],"_links":{"self":[{"href":"https:\/\/streetmarkets.fr\/app\/wp-json\/wp\/v2\/product\/690201"}],"collection":[{"href":"https:\/\/streetmarkets.fr\/app\/wp-json\/wp\/v2\/product"}],"about":[{"href":"https:\/\/streetmarkets.fr\/app\/wp-json\/wp\/v2\/types\/product"}],"replies":[{"embeddable":true,"href":"https:\/\/streetmarkets.fr\/app\/wp-json\/wp\/v2\/comments?post=690201"}],"wp:featuredmedia":[{"embeddable":true,"href":"https:\/\/streetmarkets.fr\/app\/wp-json\/wp\/v2\/media\/690202"}],"wp:attachment":[{"href":"https:\/\/streetmarkets.fr\/app\/wp-json\/wp\/v2\/media?parent=690201"}],"wp:term":[{"taxonomy":"product_brand","embeddable":true,"href":"https:\/\/streetmarkets.fr\/app\/wp-json\/wp\/v2\/product_brand?post=690201"},{"taxonomy":"product_cat","embeddable":true,"href":"https:\/\/streetmarkets.fr\/app\/wp-json\/wp\/v2\/product_cat?post=690201"},{"taxonomy":"product_tag","embeddable":true,"href":"https:\/\/streetmarkets.fr\/app\/wp-json\/wp\/v2\/product_tag?post=690201"}],"curies":[{"name":"wp","href":"https:\/\/api.w.org\/{rel}","templated":true}]}}